{"id":70000,"date":"2021-07-12T21:54:30","date_gmt":"2021-07-12T19:54:34","guid":{"rendered":"https:\/\/www.laperlavalles2.bcntic.com\/product\/condicionador-sense-sulfat-dalvocat-cantu\/"},"modified":"2023-06-23T12:51:47","modified_gmt":"2023-06-23T10:51:47","slug":"condicionador-sense-sulfat-dalvocat-cantu","status":"publish","type":"product","link":"https:\/\/www.laperlavalles.cat\/ca\/producte\/condicionador-sense-sulfat-dalvocat-cantu\/","title":{"rendered":"CANTU AVOCADO CONDITIONER"},"content":{"rendered":"<p>Condicionador hidratant elaborat a base d&#8217;oli d&#8217;alvocat. La Perla \u00e9s distribu\u00efdor oficial de Cantu, consulta al nostre cat\u00e0leg totes les gammes disponibles de cosm\u00e8tics i accessoris Cantu.<\/p>\n","protected":false},"excerpt":{"rendered":"<p>Condicionador hidratant elaborat a base d&#8217;oli d&#8217;alvocat. La Perla \u00e9s distribu\u00efdor oficial de Cantu, consulta al nostre cat\u00e0leg totes les gammes disponibles de cosm\u00e8tics i accessoris<span class=\"excerpt-hellip\"> [\u2026]<\/span><\/p>\n","protected":false},"featured_media":170145,"comment_status":"open","ping_status":"closed","template":"","meta":[],"product_cat":[8423,24329],"product_tag":[],"_links":{"self":[{"href":"https:\/\/www.laperlavalles.cat\/ca\/wp-json\/wp\/v2\/product\/70000"}],"collection":[{"href":"https:\/\/www.laperlavalles.cat\/ca\/wp-json\/wp\/v2\/product"}],"about":[{"href":"https:\/\/www.laperlavalles.cat\/ca\/wp-json\/wp\/v2\/types\/product"}],"replies":[{"embeddable":true,"href":"https:\/\/www.laperlavalles.cat\/ca\/wp-json\/wp\/v2\/comments?post=70000"}],"wp:featuredmedia":[{"embeddable":true,"href":"https:\/\/www.laperlavalles.cat\/ca\/wp-json\/wp\/v2\/media\/170145"}],"wp:attachment":[{"href":"https:\/\/www.laperlavalles.cat\/ca\/wp-json\/wp\/v2\/media?parent=70000"}],"wp:term":[{"taxonomy":"product_cat","embeddable":true,"href":"https:\/\/www.laperlavalles.cat\/ca\/wp-json\/wp\/v2\/product_cat?post=70000"},{"taxonomy":"product_tag","embeddable":true,"href":"https:\/\/www.laperlavalles.cat\/ca\/wp-json\/wp\/v2\/product_tag?post=70000"}],"curies":[{"name":"wp","href":"https:\/\/api.w.org\/{rel}","templated":true}]}}