{"id":70380,"date":"2021-07-12T22:01:39","date_gmt":"2021-07-12T20:01:43","guid":{"rendered":"https:\/\/www.laperlavalles2.bcntic.com\/product\/gel-proteic-fosc-estil-eco\/"},"modified":"2022-06-30T13:26:28","modified_gmt":"2022-06-30T11:26:28","slug":"gel-proteic-fosc-estil-eco","status":"publish","type":"product","link":"https:\/\/www.laperlavalles.cat\/ca\/producte\/gel-proteic-fosc-estil-eco\/","title":{"rendered":"GEL PROT\u00c8IC FOSC ESTIL ECO"},"content":{"rendered":"<p>Gel prot\u00e8ic fosc estil eco. Gel fixador per a cabell sec i malm\u00e8s.<\/p>\n","protected":false},"excerpt":{"rendered":"<p>Gel prot\u00e8ic fosc estil eco. Gel fixador per a cabell sec i malm\u00e8s.<\/p>\n","protected":false},"featured_media":112493,"comment_status":"open","ping_status":"closed","template":"","meta":[],"product_cat":[8423],"product_tag":[],"_links":{"self":[{"href":"https:\/\/www.laperlavalles.cat\/ca\/wp-json\/wp\/v2\/product\/70380"}],"collection":[{"href":"https:\/\/www.laperlavalles.cat\/ca\/wp-json\/wp\/v2\/product"}],"about":[{"href":"https:\/\/www.laperlavalles.cat\/ca\/wp-json\/wp\/v2\/types\/product"}],"replies":[{"embeddable":true,"href":"https:\/\/www.laperlavalles.cat\/ca\/wp-json\/wp\/v2\/comments?post=70380"}],"wp:featuredmedia":[{"embeddable":true,"href":"https:\/\/www.laperlavalles.cat\/ca\/wp-json\/wp\/v2\/media\/112493"}],"wp:attachment":[{"href":"https:\/\/www.laperlavalles.cat\/ca\/wp-json\/wp\/v2\/media?parent=70380"}],"wp:term":[{"taxonomy":"product_cat","embeddable":true,"href":"https:\/\/www.laperlavalles.cat\/ca\/wp-json\/wp\/v2\/product_cat?post=70380"},{"taxonomy":"product_tag","embeddable":true,"href":"https:\/\/www.laperlavalles.cat\/ca\/wp-json\/wp\/v2\/product_tag?post=70380"}],"curies":[{"name":"wp","href":"https:\/\/api.w.org\/{rel}","templated":true}]}}