{"id":70920,"date":"2021-07-12T22:11:58","date_gmt":"2021-07-12T20:12:02","guid":{"rendered":"https:\/\/www.laperlavalles2.bcntic.com\/product\/crema-netejadora-xampu-cantu-30z\/"},"modified":"2024-07-04T15:16:40","modified_gmt":"2024-07-04T13:16:40","slug":"crema-netejadora-xampu-cantu-30z","status":"publish","type":"product","link":"https:\/\/www.laperlavalles.cat\/ca\/producte\/crema-netejadora-xampu-cantu-30z\/","title":{"rendered":"CANTU NAT CLEASING CREAM SHAMPOO 3OZ"},"content":{"rendered":"<p>Xamp\u00fa Cantu. La Perla \u00e9s el distribu\u00efdor oficial de productes Cantu a Espanya<\/p>\n","protected":false},"excerpt":{"rendered":"<p>Xamp\u00fa Cantu. La Perla \u00e9s el distribu\u00efdor oficial de productes Cantu a Espanya<\/p>\n","protected":false},"featured_media":108061,"comment_status":"open","ping_status":"closed","template":"","meta":[],"product_cat":[10617],"product_tag":[],"_links":{"self":[{"href":"https:\/\/www.laperlavalles.cat\/ca\/wp-json\/wp\/v2\/product\/70920"}],"collection":[{"href":"https:\/\/www.laperlavalles.cat\/ca\/wp-json\/wp\/v2\/product"}],"about":[{"href":"https:\/\/www.laperlavalles.cat\/ca\/wp-json\/wp\/v2\/types\/product"}],"replies":[{"embeddable":true,"href":"https:\/\/www.laperlavalles.cat\/ca\/wp-json\/wp\/v2\/comments?post=70920"}],"wp:featuredmedia":[{"embeddable":true,"href":"https:\/\/www.laperlavalles.cat\/ca\/wp-json\/wp\/v2\/media\/108061"}],"wp:attachment":[{"href":"https:\/\/www.laperlavalles.cat\/ca\/wp-json\/wp\/v2\/media?parent=70920"}],"wp:term":[{"taxonomy":"product_cat","embeddable":true,"href":"https:\/\/www.laperlavalles.cat\/ca\/wp-json\/wp\/v2\/product_cat?post=70920"},{"taxonomy":"product_tag","embeddable":true,"href":"https:\/\/www.laperlavalles.cat\/ca\/wp-json\/wp\/v2\/product_tag?post=70920"}],"curies":[{"name":"wp","href":"https:\/\/api.w.org\/{rel}","templated":true}]}}