{"id":71280,"date":"2021-07-12T22:18:44","date_gmt":"2021-07-12T20:18:48","guid":{"rendered":"https:\/\/www.laperlavalles2.bcntic.com\/product\/tint-bigen-58\/"},"modified":"2025-07-03T09:56:24","modified_gmt":"2025-07-03T07:56:24","slug":"tint-bigen-58","status":"publish","type":"product","link":"https:\/\/www.laperlavalles.cat\/ca\/producte\/tint-bigen-58\/","title":{"rendered":"BIGEN TINT PERMANENT EN POLS NEGRE CASTANY &#8211; N\u00ba58"},"content":{"rendered":"<p>Tint La coloraci\u00f3 permanent Bigen Black Brown no cont\u00e9 ni amon\u00edac ni per\u00f2xid d&#8217;hidrogen. Pinta els cabells sense aixecar (aclarir) l&#8217;acci\u00f3, i amb menys mal que altres productes de coloraci\u00f3 dels cabells.permenent.<\/p>\n","protected":false},"excerpt":{"rendered":"<p>Tint La coloraci\u00f3 permanent Bigen Black Brown no cont\u00e9 ni amon\u00edac ni per\u00f2xid d&#8217;hidrogen. Pinta els cabells sense aixecar (aclarir) l&#8217;acci\u00f3, i amb menys mal que<span class=\"excerpt-hellip\"> [\u2026]<\/span><\/p>\n","protected":false},"featured_media":165313,"comment_status":"open","ping_status":"closed","template":"","meta":[],"product_cat":[8423,24329],"product_tag":[],"_links":{"self":[{"href":"https:\/\/www.laperlavalles.cat\/ca\/wp-json\/wp\/v2\/product\/71280"}],"collection":[{"href":"https:\/\/www.laperlavalles.cat\/ca\/wp-json\/wp\/v2\/product"}],"about":[{"href":"https:\/\/www.laperlavalles.cat\/ca\/wp-json\/wp\/v2\/types\/product"}],"replies":[{"embeddable":true,"href":"https:\/\/www.laperlavalles.cat\/ca\/wp-json\/wp\/v2\/comments?post=71280"}],"wp:featuredmedia":[{"embeddable":true,"href":"https:\/\/www.laperlavalles.cat\/ca\/wp-json\/wp\/v2\/media\/165313"}],"wp:attachment":[{"href":"https:\/\/www.laperlavalles.cat\/ca\/wp-json\/wp\/v2\/media?parent=71280"}],"wp:term":[{"taxonomy":"product_cat","embeddable":true,"href":"https:\/\/www.laperlavalles.cat\/ca\/wp-json\/wp\/v2\/product_cat?post=71280"},{"taxonomy":"product_tag","embeddable":true,"href":"https:\/\/www.laperlavalles.cat\/ca\/wp-json\/wp\/v2\/product_tag?post=71280"}],"curies":[{"name":"wp","href":"https:\/\/api.w.org\/{rel}","templated":true}]}}