{"id":72180,"date":"2021-07-12T22:35:49","date_gmt":"2021-07-12T20:35:53","guid":{"rendered":"https:\/\/www.laperlavalles2.bcntic.com\/product\/locio-hidratant-ayira\/"},"modified":"2023-06-23T11:47:56","modified_gmt":"2023-06-23T09:47:56","slug":"locio-hidratant-ayira","status":"publish","type":"product","link":"https:\/\/www.laperlavalles.cat\/ca\/producte\/locio-hidratant-ayira\/","title":{"rendered":"HAND &amp; BODY LOTION AYIRA"},"content":{"rendered":"<p>Loci\u00f3 hidratant Ayira. La loci\u00f3 hidratant Ayira \u00e9s una loci\u00f3 hidratant per a mans i cos.<\/p>\n","protected":false},"excerpt":{"rendered":"<p>Loci\u00f3 hidratant Ayira. La loci\u00f3 hidratant Ayira \u00e9s una loci\u00f3 hidratant per a mans i cos.<\/p>\n","protected":false},"featured_media":167270,"comment_status":"open","ping_status":"closed","template":"","meta":[],"product_cat":[8423],"product_tag":[],"_links":{"self":[{"href":"https:\/\/www.laperlavalles.cat\/ca\/wp-json\/wp\/v2\/product\/72180"}],"collection":[{"href":"https:\/\/www.laperlavalles.cat\/ca\/wp-json\/wp\/v2\/product"}],"about":[{"href":"https:\/\/www.laperlavalles.cat\/ca\/wp-json\/wp\/v2\/types\/product"}],"replies":[{"embeddable":true,"href":"https:\/\/www.laperlavalles.cat\/ca\/wp-json\/wp\/v2\/comments?post=72180"}],"wp:featuredmedia":[{"embeddable":true,"href":"https:\/\/www.laperlavalles.cat\/ca\/wp-json\/wp\/v2\/media\/167270"}],"wp:attachment":[{"href":"https:\/\/www.laperlavalles.cat\/ca\/wp-json\/wp\/v2\/media?parent=72180"}],"wp:term":[{"taxonomy":"product_cat","embeddable":true,"href":"https:\/\/www.laperlavalles.cat\/ca\/wp-json\/wp\/v2\/product_cat?post=72180"},{"taxonomy":"product_tag","embeddable":true,"href":"https:\/\/www.laperlavalles.cat\/ca\/wp-json\/wp\/v2\/product_tag?post=72180"}],"curies":[{"name":"wp","href":"https:\/\/api.w.org\/{rel}","templated":true}]}}