{"id":72220,"date":"2021-07-12T22:36:34","date_gmt":"2021-07-12T20:36:39","guid":{"rendered":"https:\/\/www.laperlavalles2.bcntic.com\/product\/dudu-osun-soap-2\/"},"modified":"2023-06-23T12:43:55","modified_gmt":"2023-06-23T10:43:55","slug":"dudu-osun-soap-2","status":"publish","type":"product","link":"https:\/\/www.laperlavalles.cat\/ca\/producte\/dudu-osun-soap-2\/","title":{"rendered":"DUDU-OSUN SOAP"},"content":{"rendered":"<p>Dudu-Osun soap \u00e9s un sab\u00f3 antis\u00e8ptic i anti bacteri\u00e0 per a cara i cos.<\/p>\n","protected":false},"excerpt":{"rendered":"<p>Dudu-Osun soap \u00e9s un sab\u00f3 antis\u00e8ptic i anti bacteri\u00e0 per a cara i cos.<\/p>\n","protected":false},"featured_media":169798,"comment_status":"open","ping_status":"closed","template":"","meta":[],"product_cat":[8423,8522],"product_tag":[],"_links":{"self":[{"href":"https:\/\/www.laperlavalles.cat\/ca\/wp-json\/wp\/v2\/product\/72220"}],"collection":[{"href":"https:\/\/www.laperlavalles.cat\/ca\/wp-json\/wp\/v2\/product"}],"about":[{"href":"https:\/\/www.laperlavalles.cat\/ca\/wp-json\/wp\/v2\/types\/product"}],"replies":[{"embeddable":true,"href":"https:\/\/www.laperlavalles.cat\/ca\/wp-json\/wp\/v2\/comments?post=72220"}],"wp:featuredmedia":[{"embeddable":true,"href":"https:\/\/www.laperlavalles.cat\/ca\/wp-json\/wp\/v2\/media\/169798"}],"wp:attachment":[{"href":"https:\/\/www.laperlavalles.cat\/ca\/wp-json\/wp\/v2\/media?parent=72220"}],"wp:term":[{"taxonomy":"product_cat","embeddable":true,"href":"https:\/\/www.laperlavalles.cat\/ca\/wp-json\/wp\/v2\/product_cat?post=72220"},{"taxonomy":"product_tag","embeddable":true,"href":"https:\/\/www.laperlavalles.cat\/ca\/wp-json\/wp\/v2\/product_tag?post=72220"}],"curies":[{"name":"wp","href":"https:\/\/api.w.org\/{rel}","templated":true}]}}