{"id":72360,"date":"2021-07-12T22:39:14","date_gmt":"2021-07-12T20:39:18","guid":{"rendered":"https:\/\/www.laperlavalles2.bcntic.com\/product\/a3-lemon-face-body-soap-2\/"},"modified":"2024-06-05T15:51:26","modified_gmt":"2024-06-05T13:51:26","slug":"a3-lemon-face-body-soap-2","status":"publish","type":"product","link":"https:\/\/www.laperlavalles.cat\/ca\/producte\/a3-lemon-face-body-soap-2\/","title":{"rendered":"A3 LEMON FACE &amp; BODY SOAP"},"content":{"rendered":"<p>A3 Lemon Face &amp; Body soap \u00e9s un sab\u00f3 antis\u00e8ptic i anti bacteri\u00e0 per a cara i cos.<\/p>\n","protected":false},"excerpt":{"rendered":"<p>A3 Lemon Face &amp; Body soap \u00e9s un sab\u00f3 antis\u00e8ptic i anti bacteri\u00e0 per a cara i cos.<\/p>\n","protected":false},"featured_media":169910,"comment_status":"open","ping_status":"closed","template":"","meta":[],"product_cat":[8423,8522],"product_tag":[],"_links":{"self":[{"href":"https:\/\/www.laperlavalles.cat\/ca\/wp-json\/wp\/v2\/product\/72360"}],"collection":[{"href":"https:\/\/www.laperlavalles.cat\/ca\/wp-json\/wp\/v2\/product"}],"about":[{"href":"https:\/\/www.laperlavalles.cat\/ca\/wp-json\/wp\/v2\/types\/product"}],"replies":[{"embeddable":true,"href":"https:\/\/www.laperlavalles.cat\/ca\/wp-json\/wp\/v2\/comments?post=72360"}],"wp:featuredmedia":[{"embeddable":true,"href":"https:\/\/www.laperlavalles.cat\/ca\/wp-json\/wp\/v2\/media\/169910"}],"wp:attachment":[{"href":"https:\/\/www.laperlavalles.cat\/ca\/wp-json\/wp\/v2\/media?parent=72360"}],"wp:term":[{"taxonomy":"product_cat","embeddable":true,"href":"https:\/\/www.laperlavalles.cat\/ca\/wp-json\/wp\/v2\/product_cat?post=72360"},{"taxonomy":"product_tag","embeddable":true,"href":"https:\/\/www.laperlavalles.cat\/ca\/wp-json\/wp\/v2\/product_tag?post=72360"}],"curies":[{"name":"wp","href":"https:\/\/api.w.org\/{rel}","templated":true}]}}