{"id":72680,"date":"2021-07-12T22:45:21","date_gmt":"2021-07-12T20:45:25","guid":{"rendered":"https:\/\/www.laperlavalles2.bcntic.com\/product\/palmers-cocoa-butter-lotion-85oz-2\/"},"modified":"2023-06-26T15:20:26","modified_gmt":"2023-06-26T13:20:26","slug":"palmers-cocoa-butter-lotion-85oz-2","status":"publish","type":"product","link":"https:\/\/www.laperlavalles.cat\/ca\/producte\/palmers-cocoa-butter-lotion-85oz-2\/","title":{"rendered":"PALMER&#8217;S COCOA BUTTER LOTION 8,5OZ"},"content":{"rendered":"<p>La loci\u00f3 Palmer&#8217;s Cocoa Butter Lotion \u00e9s una loci\u00f3 hidratant elaborada a base de mantega de cacao i vitamina E.<\/p>\n","protected":false},"excerpt":{"rendered":"<p>La loci\u00f3 Palmer&#8217;s Cocoa Butter Lotion \u00e9s una loci\u00f3 hidratant elaborada a base de mantega de cacao i vitamina E.<\/p>\n","protected":false},"featured_media":148418,"comment_status":"open","ping_status":"closed","template":"","meta":[],"product_cat":[8423,8522],"product_tag":[],"_links":{"self":[{"href":"https:\/\/www.laperlavalles.cat\/ca\/wp-json\/wp\/v2\/product\/72680"}],"collection":[{"href":"https:\/\/www.laperlavalles.cat\/ca\/wp-json\/wp\/v2\/product"}],"about":[{"href":"https:\/\/www.laperlavalles.cat\/ca\/wp-json\/wp\/v2\/types\/product"}],"replies":[{"embeddable":true,"href":"https:\/\/www.laperlavalles.cat\/ca\/wp-json\/wp\/v2\/comments?post=72680"}],"wp:featuredmedia":[{"embeddable":true,"href":"https:\/\/www.laperlavalles.cat\/ca\/wp-json\/wp\/v2\/media\/148418"}],"wp:attachment":[{"href":"https:\/\/www.laperlavalles.cat\/ca\/wp-json\/wp\/v2\/media?parent=72680"}],"wp:term":[{"taxonomy":"product_cat","embeddable":true,"href":"https:\/\/www.laperlavalles.cat\/ca\/wp-json\/wp\/v2\/product_cat?post=72680"},{"taxonomy":"product_tag","embeddable":true,"href":"https:\/\/www.laperlavalles.cat\/ca\/wp-json\/wp\/v2\/product_tag?post=72680"}],"curies":[{"name":"wp","href":"https:\/\/api.w.org\/{rel}","templated":true}]}}