{"id":72780,"date":"2021-07-12T22:46:54","date_gmt":"2021-07-12T20:46:57","guid":{"rendered":"https:\/\/www.laperlavalles2.bcntic.com\/product\/crema-hidratant-queen-helene-15oz\/"},"modified":"2025-03-17T14:45:10","modified_gmt":"2025-03-17T13:45:10","slug":"crema-hidratant-queen-helene-15oz","status":"publish","type":"product","link":"https:\/\/www.laperlavalles.cat\/ca\/producte\/crema-hidratant-queen-helene-15oz\/","title":{"rendered":"QUEEN HELENE CREMA HIDRATANT 15OZ"},"content":{"rendered":"<p>La Queen Helene Crema Hidratant de 15 oz est\u00e0 formulada per hidratar profundament la pell seca, deixant-la suau, flexible i amb una sensaci\u00f3 de confort durador. Ideal per a l&#8217;\u00fas diari, ajuda a restaurar la humitat natural de la pell.<\/p>\n","protected":false},"excerpt":{"rendered":"<p>La Queen Helene Crema Hidratant de 15 oz est\u00e0 formulada per hidratar profundament la pell seca, deixant-la suau, flexible i amb una sensaci\u00f3 de confort durador.<span class=\"excerpt-hellip\"> [\u2026]<\/span><\/p>\n","protected":false},"featured_media":147042,"comment_status":"open","ping_status":"closed","template":"","meta":[],"product_cat":[8423,8522],"product_tag":[],"_links":{"self":[{"href":"https:\/\/www.laperlavalles.cat\/ca\/wp-json\/wp\/v2\/product\/72780"}],"collection":[{"href":"https:\/\/www.laperlavalles.cat\/ca\/wp-json\/wp\/v2\/product"}],"about":[{"href":"https:\/\/www.laperlavalles.cat\/ca\/wp-json\/wp\/v2\/types\/product"}],"replies":[{"embeddable":true,"href":"https:\/\/www.laperlavalles.cat\/ca\/wp-json\/wp\/v2\/comments?post=72780"}],"wp:featuredmedia":[{"embeddable":true,"href":"https:\/\/www.laperlavalles.cat\/ca\/wp-json\/wp\/v2\/media\/147042"}],"wp:attachment":[{"href":"https:\/\/www.laperlavalles.cat\/ca\/wp-json\/wp\/v2\/media?parent=72780"}],"wp:term":[{"taxonomy":"product_cat","embeddable":true,"href":"https:\/\/www.laperlavalles.cat\/ca\/wp-json\/wp\/v2\/product_cat?post=72780"},{"taxonomy":"product_tag","embeddable":true,"href":"https:\/\/www.laperlavalles.cat\/ca\/wp-json\/wp\/v2\/product_tag?post=72780"}],"curies":[{"name":"wp","href":"https:\/\/api.w.org\/{rel}","templated":true}]}}