{"id":72820,"date":"2021-07-12T22:47:30","date_gmt":"2021-07-12T20:47:33","guid":{"rendered":"https:\/\/www.laperlavalles2.bcntic.com\/product\/locio-hidratant-queen-helene-32oz\/"},"modified":"2025-03-17T15:13:40","modified_gmt":"2025-03-17T14:13:40","slug":"locio-hidratant-queen-helene-32oz","status":"publish","type":"product","link":"https:\/\/www.laperlavalles.cat\/ca\/producte\/locio-hidratant-queen-helene-32oz\/","title":{"rendered":"LOCI\u00d3 HIDRATANT QUEEN HELENE 32OZ"},"content":{"rendered":"<p>Queen Helene Cocoa Butter Hand &amp; Body Lotion \u00e9s una loci\u00f3 per a mans i cos que combina mantega de cacau natural i lanolina pura per hidratar i suavitzar la pell seca. La seva f\u00f3rmula no greixosa ajuda a restaurar l&#8217;equilibri d&#8217;humitat essencial i a prevenir la sequedat, deixant la pell suau i flexible.<\/p>\n","protected":false},"excerpt":{"rendered":"<p>Queen Helene Cocoa Butter Hand &amp; Body Lotion \u00e9s una loci\u00f3 per a mans i cos que combina mantega de cacau natural i lanolina pura per<span class=\"excerpt-hellip\"> [\u2026]<\/span><\/p>\n","protected":false},"featured_media":147074,"comment_status":"open","ping_status":"closed","template":"","meta":[],"product_cat":[8423,8522],"product_tag":[],"_links":{"self":[{"href":"https:\/\/www.laperlavalles.cat\/ca\/wp-json\/wp\/v2\/product\/72820"}],"collection":[{"href":"https:\/\/www.laperlavalles.cat\/ca\/wp-json\/wp\/v2\/product"}],"about":[{"href":"https:\/\/www.laperlavalles.cat\/ca\/wp-json\/wp\/v2\/types\/product"}],"replies":[{"embeddable":true,"href":"https:\/\/www.laperlavalles.cat\/ca\/wp-json\/wp\/v2\/comments?post=72820"}],"wp:featuredmedia":[{"embeddable":true,"href":"https:\/\/www.laperlavalles.cat\/ca\/wp-json\/wp\/v2\/media\/147074"}],"wp:attachment":[{"href":"https:\/\/www.laperlavalles.cat\/ca\/wp-json\/wp\/v2\/media?parent=72820"}],"wp:term":[{"taxonomy":"product_cat","embeddable":true,"href":"https:\/\/www.laperlavalles.cat\/ca\/wp-json\/wp\/v2\/product_cat?post=72820"},{"taxonomy":"product_tag","embeddable":true,"href":"https:\/\/www.laperlavalles.cat\/ca\/wp-json\/wp\/v2\/product_tag?post=72820"}],"curies":[{"name":"wp","href":"https:\/\/api.w.org\/{rel}","templated":true}]}}