{"id":72840,"date":"2021-07-12T22:47:48","date_gmt":"2021-07-12T20:47:52","guid":{"rendered":"https:\/\/www.laperlavalles2.bcntic.com\/product\/locio-hidratant-rubee\/"},"modified":"2025-03-14T09:08:23","modified_gmt":"2025-03-14T08:08:23","slug":"locio-hidratant-rubee","status":"publish","type":"product","link":"https:\/\/www.laperlavalles.cat\/ca\/producte\/locio-hidratant-rubee\/","title":{"rendered":"HAND &amp; BODY LOTION RUBEE 16OZ"},"content":{"rendered":"<p>La LOCION DE MANS I COS RUBEE de 16 oz restaura la humitat i suavitza luxosament la teva pell. La seva f\u00f3rmula rica i no greixosa combina vitamina E i extractes herbaris per suavitzar la pell molt seca de manera instant\u00e0nia. La mantega de cacau ajuda a esvair cicatrius i marques, mentre que la seva embriagadora frag\u00e0ncia de rosa, gerani i s\u00e0ndal envolta els teus sentits en una c\u00e0lida abra\u00e7ada duradora.<\/p>\n","protected":false},"excerpt":{"rendered":"<p>La LOCION DE MANS I COS RUBEE de 16 oz restaura la humitat i suavitza luxosament la teva pell. La seva f\u00f3rmula rica i no greixosa<span class=\"excerpt-hellip\"> [\u2026]<\/span><\/p>\n","protected":false},"featured_media":160097,"comment_status":"open","ping_status":"closed","template":"","meta":[],"product_cat":[8423,8522],"product_tag":[],"_links":{"self":[{"href":"https:\/\/www.laperlavalles.cat\/ca\/wp-json\/wp\/v2\/product\/72840"}],"collection":[{"href":"https:\/\/www.laperlavalles.cat\/ca\/wp-json\/wp\/v2\/product"}],"about":[{"href":"https:\/\/www.laperlavalles.cat\/ca\/wp-json\/wp\/v2\/types\/product"}],"replies":[{"embeddable":true,"href":"https:\/\/www.laperlavalles.cat\/ca\/wp-json\/wp\/v2\/comments?post=72840"}],"wp:featuredmedia":[{"embeddable":true,"href":"https:\/\/www.laperlavalles.cat\/ca\/wp-json\/wp\/v2\/media\/160097"}],"wp:attachment":[{"href":"https:\/\/www.laperlavalles.cat\/ca\/wp-json\/wp\/v2\/media?parent=72840"}],"wp:term":[{"taxonomy":"product_cat","embeddable":true,"href":"https:\/\/www.laperlavalles.cat\/ca\/wp-json\/wp\/v2\/product_cat?post=72840"},{"taxonomy":"product_tag","embeddable":true,"href":"https:\/\/www.laperlavalles.cat\/ca\/wp-json\/wp\/v2\/product_tag?post=72840"}],"curies":[{"name":"wp","href":"https:\/\/api.w.org\/{rel}","templated":true}]}}