{"id":73120,"date":"2021-07-12T22:52:42","date_gmt":"2021-07-12T20:52:47","guid":{"rendered":"https:\/\/www.laperlavalles2.bcntic.com\/product\/arros-perf-aromali-sencer-5kg\/"},"modified":"2023-06-23T08:39:40","modified_gmt":"2023-06-23T06:39:40","slug":"arros-perf-aromali-sencer-5kg","status":"publish","type":"product","link":"https:\/\/www.laperlavalles.cat\/ca\/producte\/arros-perf-aromali-sencer-5kg\/","title":{"rendered":"ARR\u00d2S PERF. AROMALI SENCER 5KG"},"content":{"rendered":"<p>Arr\u00f2s perfumat Aromali procedent de Tail\u00e0ndia. <\/p>\n","protected":false},"excerpt":{"rendered":"<p>Arr\u00f2s perfumat Aromali procedent de Tail\u00e0ndia.<\/p>\n","protected":false},"featured_media":158742,"comment_status":"open","ping_status":"closed","template":"","meta":[],"product_cat":[8417,8523],"product_tag":[],"_links":{"self":[{"href":"https:\/\/www.laperlavalles.cat\/ca\/wp-json\/wp\/v2\/product\/73120"}],"collection":[{"href":"https:\/\/www.laperlavalles.cat\/ca\/wp-json\/wp\/v2\/product"}],"about":[{"href":"https:\/\/www.laperlavalles.cat\/ca\/wp-json\/wp\/v2\/types\/product"}],"replies":[{"embeddable":true,"href":"https:\/\/www.laperlavalles.cat\/ca\/wp-json\/wp\/v2\/comments?post=73120"}],"wp:featuredmedia":[{"embeddable":true,"href":"https:\/\/www.laperlavalles.cat\/ca\/wp-json\/wp\/v2\/media\/158742"}],"wp:attachment":[{"href":"https:\/\/www.laperlavalles.cat\/ca\/wp-json\/wp\/v2\/media?parent=73120"}],"wp:term":[{"taxonomy":"product_cat","embeddable":true,"href":"https:\/\/www.laperlavalles.cat\/ca\/wp-json\/wp\/v2\/product_cat?post=73120"},{"taxonomy":"product_tag","embeddable":true,"href":"https:\/\/www.laperlavalles.cat\/ca\/wp-json\/wp\/v2\/product_tag?post=73120"}],"curies":[{"name":"wp","href":"https:\/\/api.w.org\/{rel}","templated":true}]}}