{"id":73140,"date":"2021-07-12T22:53:02","date_gmt":"2021-07-12T20:53:06","guid":{"rendered":"https:\/\/www.laperlavalles2.bcntic.com\/product\/arros-perf-thai-elephant-1tall-20kg\/"},"modified":"2023-06-23T08:40:00","modified_gmt":"2023-06-23T06:40:00","slug":"arros-perf-thai-elephant-1tall-20kg","status":"publish","type":"product","link":"https:\/\/www.laperlavalles.cat\/ca\/producte\/arros-perf-thai-elephant-1tall-20kg\/","title":{"rendered":"ARR\u00d2S PERF. THAI ELEPHANT 1TALL 20KG"},"content":{"rendered":"<p>Arr\u00f2s perfumat i partit 1 tall Elephant d&#8217;Afrique procedent de Tail\u00e0ndia.<br \/>\nA1 super especial.<\/p>\n","protected":false},"excerpt":{"rendered":"<p>Arr\u00f2s perfumat i partit 1 tall Elephant d&#8217;Afrique procedent de Tail\u00e0ndia. A1 super especial.<\/p>\n","protected":false},"featured_media":158758,"comment_status":"open","ping_status":"closed","template":"","meta":[],"product_cat":[8417,8523],"product_tag":[],"_links":{"self":[{"href":"https:\/\/www.laperlavalles.cat\/ca\/wp-json\/wp\/v2\/product\/73140"}],"collection":[{"href":"https:\/\/www.laperlavalles.cat\/ca\/wp-json\/wp\/v2\/product"}],"about":[{"href":"https:\/\/www.laperlavalles.cat\/ca\/wp-json\/wp\/v2\/types\/product"}],"replies":[{"embeddable":true,"href":"https:\/\/www.laperlavalles.cat\/ca\/wp-json\/wp\/v2\/comments?post=73140"}],"wp:featuredmedia":[{"embeddable":true,"href":"https:\/\/www.laperlavalles.cat\/ca\/wp-json\/wp\/v2\/media\/158758"}],"wp:attachment":[{"href":"https:\/\/www.laperlavalles.cat\/ca\/wp-json\/wp\/v2\/media?parent=73140"}],"wp:term":[{"taxonomy":"product_cat","embeddable":true,"href":"https:\/\/www.laperlavalles.cat\/ca\/wp-json\/wp\/v2\/product_cat?post=73140"},{"taxonomy":"product_tag","embeddable":true,"href":"https:\/\/www.laperlavalles.cat\/ca\/wp-json\/wp\/v2\/product_tag?post=73140"}],"curies":[{"name":"wp","href":"https:\/\/api.w.org\/{rel}","templated":true}]}}