{"id":73180,"date":"2021-07-12T22:53:39","date_gmt":"2021-07-12T20:53:43","guid":{"rendered":"https:\/\/www.laperlavalles2.bcntic.com\/product\/arros-perf-thai-elephant-2talls-5kg\/"},"modified":"2024-01-16T07:13:01","modified_gmt":"2024-01-16T06:13:01","slug":"arros-perf-thai-elephant-2talls-5kg","status":"publish","type":"product","link":"https:\/\/www.laperlavalles.cat\/ca\/producte\/arros-perf-thai-elephant-2talls-5kg\/","title":{"rendered":"ARR\u00d2S PERF. THAI ELEPHANT 2TALLS 5KG"},"content":{"rendered":"<p>Arr\u00f2s perfumat i partit 2 talls Elephant d&#8217;Afrique procedent de Tail\u00e0ndia.<br \/>\nA1 super <\/p>\n","protected":false},"excerpt":{"rendered":"<p>Arr\u00f2s perfumat i partit 2 talls Elephant d&#8217;Afrique procedent de Tail\u00e0ndia. A1 super<\/p>\n","protected":false},"featured_media":158790,"comment_status":"open","ping_status":"closed","template":"","meta":[],"product_cat":[8417,8523],"product_tag":[],"_links":{"self":[{"href":"https:\/\/www.laperlavalles.cat\/ca\/wp-json\/wp\/v2\/product\/73180"}],"collection":[{"href":"https:\/\/www.laperlavalles.cat\/ca\/wp-json\/wp\/v2\/product"}],"about":[{"href":"https:\/\/www.laperlavalles.cat\/ca\/wp-json\/wp\/v2\/types\/product"}],"replies":[{"embeddable":true,"href":"https:\/\/www.laperlavalles.cat\/ca\/wp-json\/wp\/v2\/comments?post=73180"}],"wp:featuredmedia":[{"embeddable":true,"href":"https:\/\/www.laperlavalles.cat\/ca\/wp-json\/wp\/v2\/media\/158790"}],"wp:attachment":[{"href":"https:\/\/www.laperlavalles.cat\/ca\/wp-json\/wp\/v2\/media?parent=73180"}],"wp:term":[{"taxonomy":"product_cat","embeddable":true,"href":"https:\/\/www.laperlavalles.cat\/ca\/wp-json\/wp\/v2\/product_cat?post=73180"},{"taxonomy":"product_tag","embeddable":true,"href":"https:\/\/www.laperlavalles.cat\/ca\/wp-json\/wp\/v2\/product_tag?post=73180"}],"curies":[{"name":"wp","href":"https:\/\/api.w.org\/{rel}","templated":true}]}}