{"id":73200,"date":"2021-07-12T22:54:01","date_gmt":"2021-07-12T20:54:05","guid":{"rendered":"https:\/\/www.laperlavalles2.bcntic.com\/product\/arros-perf-thai-foco-1tall-20kg\/"},"modified":"2026-04-28T11:42:58","modified_gmt":"2026-04-28T09:42:58","slug":"arros-perf-thai-foco-1tall-20kg","status":"publish","type":"product","link":"https:\/\/www.laperlavalles.cat\/ca\/producte\/arros-perf-thai-foco-1tall-20kg\/","title":{"rendered":"ARR\u00d2S PERF. THAI FOCO 1TALL 20KG"},"content":{"rendered":"<p>Arr\u00f2s perfumat i partit 1 tall FOCO procedent de Tail\u00e0ndia. <\/p>\n","protected":false},"excerpt":{"rendered":"<p>Arr\u00f2s perfumat i partit 1 tall FOCO procedent de Tail\u00e0ndia.<\/p>\n","protected":false},"featured_media":158806,"comment_status":"open","ping_status":"closed","template":"","meta":[],"product_cat":[8417,8523],"product_tag":[],"_links":{"self":[{"href":"https:\/\/www.laperlavalles.cat\/ca\/wp-json\/wp\/v2\/product\/73200"}],"collection":[{"href":"https:\/\/www.laperlavalles.cat\/ca\/wp-json\/wp\/v2\/product"}],"about":[{"href":"https:\/\/www.laperlavalles.cat\/ca\/wp-json\/wp\/v2\/types\/product"}],"replies":[{"embeddable":true,"href":"https:\/\/www.laperlavalles.cat\/ca\/wp-json\/wp\/v2\/comments?post=73200"}],"wp:featuredmedia":[{"embeddable":true,"href":"https:\/\/www.laperlavalles.cat\/ca\/wp-json\/wp\/v2\/media\/158806"}],"wp:attachment":[{"href":"https:\/\/www.laperlavalles.cat\/ca\/wp-json\/wp\/v2\/media?parent=73200"}],"wp:term":[{"taxonomy":"product_cat","embeddable":true,"href":"https:\/\/www.laperlavalles.cat\/ca\/wp-json\/wp\/v2\/product_cat?post=73200"},{"taxonomy":"product_tag","embeddable":true,"href":"https:\/\/www.laperlavalles.cat\/ca\/wp-json\/wp\/v2\/product_tag?post=73200"}],"curies":[{"name":"wp","href":"https:\/\/api.w.org\/{rel}","templated":true}]}}