{"id":73240,"date":"2021-07-12T22:54:46","date_gmt":"2021-07-12T20:54:50","guid":{"rendered":"https:\/\/www.laperlavalles2.bcntic.com\/product\/arros-perf-foco-sencer-20kg\/"},"modified":"2026-04-28T11:45:41","modified_gmt":"2026-04-28T09:45:41","slug":"arros-perf-foco-sencer-20kg","status":"publish","type":"product","link":"https:\/\/www.laperlavalles.cat\/ca\/producte\/arros-perf-foco-sencer-20kg\/","title":{"rendered":"ARR\u00d2S PERF. FOCO SENCER 20KG"},"content":{"rendered":"<p>Arr\u00f2s perfumat FOCO procedent de Tail\u00e0ndia. <\/p>\n","protected":false},"excerpt":{"rendered":"<p>Arr\u00f2s perfumat FOCO procedent de Tail\u00e0ndia.<\/p>\n","protected":false},"featured_media":158838,"comment_status":"open","ping_status":"closed","template":"","meta":[],"product_cat":[8417,8523],"product_tag":[],"_links":{"self":[{"href":"https:\/\/www.laperlavalles.cat\/ca\/wp-json\/wp\/v2\/product\/73240"}],"collection":[{"href":"https:\/\/www.laperlavalles.cat\/ca\/wp-json\/wp\/v2\/product"}],"about":[{"href":"https:\/\/www.laperlavalles.cat\/ca\/wp-json\/wp\/v2\/types\/product"}],"replies":[{"embeddable":true,"href":"https:\/\/www.laperlavalles.cat\/ca\/wp-json\/wp\/v2\/comments?post=73240"}],"wp:featuredmedia":[{"embeddable":true,"href":"https:\/\/www.laperlavalles.cat\/ca\/wp-json\/wp\/v2\/media\/158838"}],"wp:attachment":[{"href":"https:\/\/www.laperlavalles.cat\/ca\/wp-json\/wp\/v2\/media?parent=73240"}],"wp:term":[{"taxonomy":"product_cat","embeddable":true,"href":"https:\/\/www.laperlavalles.cat\/ca\/wp-json\/wp\/v2\/product_cat?post=73240"},{"taxonomy":"product_tag","embeddable":true,"href":"https:\/\/www.laperlavalles.cat\/ca\/wp-json\/wp\/v2\/product_tag?post=73240"}],"curies":[{"name":"wp","href":"https:\/\/api.w.org\/{rel}","templated":true}]}}