{"id":73300,"date":"2021-07-12T22:55:46","date_gmt":"2021-07-12T20:55:50","guid":{"rendered":"https:\/\/www.laperlavalles2.bcntic.com\/product\/arros-perf-thai-royal-umbrella-2talls-20kg\/"},"modified":"2023-06-23T08:42:04","modified_gmt":"2023-06-23T06:42:04","slug":"arros-perf-thai-royal-umbrella-2talls-20kg","status":"publish","type":"product","link":"https:\/\/www.laperlavalles.cat\/ca\/producte\/arros-perf-thai-royal-umbrella-2talls-20kg\/","title":{"rendered":"ARR\u00d2S PERF. THAI ROYAL UMBRELLA 2TALLS 20KG"},"content":{"rendered":"<p>Arr\u00f2s perfumat i partit 2 talls Royal Umbrella procedent de Tail\u00e0ndia.<br \/>\nA1 super <\/p>\n","protected":false},"excerpt":{"rendered":"<p>Arr\u00f2s perfumat i partit 2 talls Royal Umbrella procedent de Tail\u00e0ndia. A1 super<\/p>\n","protected":false},"featured_media":158854,"comment_status":"open","ping_status":"closed","template":"","meta":[],"product_cat":[8417,8523],"product_tag":[],"_links":{"self":[{"href":"https:\/\/www.laperlavalles.cat\/ca\/wp-json\/wp\/v2\/product\/73300"}],"collection":[{"href":"https:\/\/www.laperlavalles.cat\/ca\/wp-json\/wp\/v2\/product"}],"about":[{"href":"https:\/\/www.laperlavalles.cat\/ca\/wp-json\/wp\/v2\/types\/product"}],"replies":[{"embeddable":true,"href":"https:\/\/www.laperlavalles.cat\/ca\/wp-json\/wp\/v2\/comments?post=73300"}],"wp:featuredmedia":[{"embeddable":true,"href":"https:\/\/www.laperlavalles.cat\/ca\/wp-json\/wp\/v2\/media\/158854"}],"wp:attachment":[{"href":"https:\/\/www.laperlavalles.cat\/ca\/wp-json\/wp\/v2\/media?parent=73300"}],"wp:term":[{"taxonomy":"product_cat","embeddable":true,"href":"https:\/\/www.laperlavalles.cat\/ca\/wp-json\/wp\/v2\/product_cat?post=73300"},{"taxonomy":"product_tag","embeddable":true,"href":"https:\/\/www.laperlavalles.cat\/ca\/wp-json\/wp\/v2\/product_tag?post=73300"}],"curies":[{"name":"wp","href":"https:\/\/api.w.org\/{rel}","templated":true}]}}