{"id":73340,"date":"2021-07-12T22:56:31","date_gmt":"2021-07-12T20:56:35","guid":{"rendered":"https:\/\/www.laperlavalles2.bcntic.com\/product\/arros-perf-umbrella-sencer-5kg\/"},"modified":"2025-09-15T13:52:22","modified_gmt":"2025-09-15T11:52:22","slug":"arros-perf-umbrella-sencer-5kg","status":"publish","type":"product","link":"https:\/\/www.laperlavalles.cat\/ca\/producte\/arros-perf-umbrella-sencer-5kg\/","title":{"rendered":"ARR\u00d2S PERF. UMBRELLA SENCER 5KG"},"content":{"rendered":"<p>Arr\u00f2s perfumat Royal Umbrella procedent de Tail\u00e0ndia. <\/p>\n","protected":false},"excerpt":{"rendered":"<p>Arr\u00f2s perfumat Royal Umbrella procedent de Tail\u00e0ndia.<\/p>\n","protected":false},"featured_media":158886,"comment_status":"open","ping_status":"closed","template":"","meta":[],"product_cat":[8417,8523],"product_tag":[],"_links":{"self":[{"href":"https:\/\/www.laperlavalles.cat\/ca\/wp-json\/wp\/v2\/product\/73340"}],"collection":[{"href":"https:\/\/www.laperlavalles.cat\/ca\/wp-json\/wp\/v2\/product"}],"about":[{"href":"https:\/\/www.laperlavalles.cat\/ca\/wp-json\/wp\/v2\/types\/product"}],"replies":[{"embeddable":true,"href":"https:\/\/www.laperlavalles.cat\/ca\/wp-json\/wp\/v2\/comments?post=73340"}],"wp:featuredmedia":[{"embeddable":true,"href":"https:\/\/www.laperlavalles.cat\/ca\/wp-json\/wp\/v2\/media\/158886"}],"wp:attachment":[{"href":"https:\/\/www.laperlavalles.cat\/ca\/wp-json\/wp\/v2\/media?parent=73340"}],"wp:term":[{"taxonomy":"product_cat","embeddable":true,"href":"https:\/\/www.laperlavalles.cat\/ca\/wp-json\/wp\/v2\/product_cat?post=73340"},{"taxonomy":"product_tag","embeddable":true,"href":"https:\/\/www.laperlavalles.cat\/ca\/wp-json\/wp\/v2\/product_tag?post=73340"}],"curies":[{"name":"wp","href":"https:\/\/api.w.org\/{rel}","templated":true}]}}