{"id":73400,"date":"2021-07-12T22:57:35","date_gmt":"2021-07-12T20:57:39","guid":{"rendered":"https:\/\/www.laperlavalles2.bcntic.com\/product\/cervesa-tsingtao-47o-33cl\/"},"modified":"2023-06-23T12:31:47","modified_gmt":"2023-06-23T10:31:47","slug":"cervesa-tsingtao-47o-33cl","status":"publish","type":"product","link":"https:\/\/www.laperlavalles.cat\/ca\/producte\/cervesa-tsingtao-47o-33cl\/","title":{"rendered":"Cervesa Tsingtao 4&#8217;7\u00ba 33CL"},"content":{"rendered":"<p>Cervesa Premium Lager 4&#8217;7\u00ba.<br \/>\nLa cervesa Tsingtao \u00e9s la cervesa n\u00ba1 en vendes per excel\u00b7l\u00e8ncia des de la seva creaci\u00f3 l&#8217;any 1903. \u00c9s la m\u00e9s popular a la Xina i \u00e9s exportada a molts pa\u00efsos d&#8217;Europa.<br \/>\nCaracter\u00edstiques: cervesa de color groc clar, amb una agradable aroma i gust equilibrat. La malta i el ll\u00fapol li donen un car\u00e0cter refrescant a la cervesa.<br \/>\nOrigen: Xina<br \/>\nCont\u00e9 alcohol.<\/p>\n","protected":false},"excerpt":{"rendered":"<p>Cervesa Premium Lager 4&#8217;7\u00ba. La cervesa Tsingtao \u00e9s la cervesa n\u00ba1 en vendes per excel\u00b7l\u00e8ncia des de la seva creaci\u00f3 l&#8217;any 1903. \u00c9s la m\u00e9s popular<span class=\"excerpt-hellip\"> [\u2026]<\/span><\/p>\n","protected":false},"featured_media":169265,"comment_status":"open","ping_status":"closed","template":"","meta":[],"product_cat":[8405,8524],"product_tag":[],"_links":{"self":[{"href":"https:\/\/www.laperlavalles.cat\/ca\/wp-json\/wp\/v2\/product\/73400"}],"collection":[{"href":"https:\/\/www.laperlavalles.cat\/ca\/wp-json\/wp\/v2\/product"}],"about":[{"href":"https:\/\/www.laperlavalles.cat\/ca\/wp-json\/wp\/v2\/types\/product"}],"replies":[{"embeddable":true,"href":"https:\/\/www.laperlavalles.cat\/ca\/wp-json\/wp\/v2\/comments?post=73400"}],"wp:featuredmedia":[{"embeddable":true,"href":"https:\/\/www.laperlavalles.cat\/ca\/wp-json\/wp\/v2\/media\/169265"}],"wp:attachment":[{"href":"https:\/\/www.laperlavalles.cat\/ca\/wp-json\/wp\/v2\/media?parent=73400"}],"wp:term":[{"taxonomy":"product_cat","embeddable":true,"href":"https:\/\/www.laperlavalles.cat\/ca\/wp-json\/wp\/v2\/product_cat?post=73400"},{"taxonomy":"product_tag","embeddable":true,"href":"https:\/\/www.laperlavalles.cat\/ca\/wp-json\/wp\/v2\/product_tag?post=73400"}],"curies":[{"name":"wp","href":"https:\/\/api.w.org\/{rel}","templated":true}]}}