{"id":73440,"date":"2021-07-12T22:58:23","date_gmt":"2021-07-12T20:58:27","guid":{"rendered":"https:\/\/www.laperlavalles2.bcntic.com\/product\/cervesa-viiking-12o-50cl\/"},"modified":"2023-06-23T11:07:49","modified_gmt":"2023-06-23T09:07:49","slug":"cervesa-viiking-12o-50cl","status":"publish","type":"product","link":"https:\/\/www.laperlavalles.cat\/ca\/producte\/cervesa-viiking-12o-50cl\/","title":{"rendered":"CERVESA VIIKING 12\u00ba 50CL"},"content":{"rendered":"<p>Cervesa extra forta Viiking 12\u00ba.<br \/>\n\u00c9s una cervesa amb gust, cos i for\u00e7a.<br \/>\nCont\u00e9 alcohol.<\/p>\n","protected":false},"excerpt":{"rendered":"<p>Cervesa extra forta Viiking 12\u00ba. \u00c9s una cervesa amb gust, cos i for\u00e7a. Cont\u00e9 alcohol.<\/p>\n","protected":false},"featured_media":165462,"comment_status":"open","ping_status":"closed","template":"","meta":[],"product_cat":[8405,8524],"product_tag":[],"_links":{"self":[{"href":"https:\/\/www.laperlavalles.cat\/ca\/wp-json\/wp\/v2\/product\/73440"}],"collection":[{"href":"https:\/\/www.laperlavalles.cat\/ca\/wp-json\/wp\/v2\/product"}],"about":[{"href":"https:\/\/www.laperlavalles.cat\/ca\/wp-json\/wp\/v2\/types\/product"}],"replies":[{"embeddable":true,"href":"https:\/\/www.laperlavalles.cat\/ca\/wp-json\/wp\/v2\/comments?post=73440"}],"wp:featuredmedia":[{"embeddable":true,"href":"https:\/\/www.laperlavalles.cat\/ca\/wp-json\/wp\/v2\/media\/165462"}],"wp:attachment":[{"href":"https:\/\/www.laperlavalles.cat\/ca\/wp-json\/wp\/v2\/media?parent=73440"}],"wp:term":[{"taxonomy":"product_cat","embeddable":true,"href":"https:\/\/www.laperlavalles.cat\/ca\/wp-json\/wp\/v2\/product_cat?post=73440"},{"taxonomy":"product_tag","embeddable":true,"href":"https:\/\/www.laperlavalles.cat\/ca\/wp-json\/wp\/v2\/product_tag?post=73440"}],"curies":[{"name":"wp","href":"https:\/\/api.w.org\/{rel}","templated":true}]}}