{"id":73500,"date":"2021-07-12T22:59:21","date_gmt":"2021-07-12T20:59:25","guid":{"rendered":"https:\/\/www.laperlavalles2.bcntic.com\/product\/baobab-kire-en-gra-halah\/"},"modified":"2023-06-26T15:21:52","modified_gmt":"2023-06-26T13:21:52","slug":"baobab-kire-en-gra-halah","status":"publish","type":"product","link":"https:\/\/www.laperlavalles.cat\/ca\/producte\/baobab-kire-en-gra-halah\/","title":{"rendered":"BAOBAB\/KIRE EN GRA HALAH"},"content":{"rendered":"<p>El baobab o Kire en gra Halah s\u00f3n llavors de l&#8217;arbre del Baobab marca Halah. La marca Halah \u00e9s una marca especialitzada en productes d&#8217;importaci\u00f3 de primera qualitat.<\/p>\n","protected":false},"excerpt":{"rendered":"<p>El baobab o Kire en gra Halah s\u00f3n llavors de l&#8217;arbre del Baobab marca Halah. La marca Halah \u00e9s una marca especialitzada en productes d&#8217;importaci\u00f3 de<span class=\"excerpt-hellip\"> [\u2026]<\/span><\/p>\n","protected":false},"featured_media":148626,"comment_status":"open","ping_status":"closed","template":"","meta":[],"product_cat":[8406,8525],"product_tag":[],"_links":{"self":[{"href":"https:\/\/www.laperlavalles.cat\/ca\/wp-json\/wp\/v2\/product\/73500"}],"collection":[{"href":"https:\/\/www.laperlavalles.cat\/ca\/wp-json\/wp\/v2\/product"}],"about":[{"href":"https:\/\/www.laperlavalles.cat\/ca\/wp-json\/wp\/v2\/types\/product"}],"replies":[{"embeddable":true,"href":"https:\/\/www.laperlavalles.cat\/ca\/wp-json\/wp\/v2\/comments?post=73500"}],"wp:featuredmedia":[{"embeddable":true,"href":"https:\/\/www.laperlavalles.cat\/ca\/wp-json\/wp\/v2\/media\/148626"}],"wp:attachment":[{"href":"https:\/\/www.laperlavalles.cat\/ca\/wp-json\/wp\/v2\/media?parent=73500"}],"wp:term":[{"taxonomy":"product_cat","embeddable":true,"href":"https:\/\/www.laperlavalles.cat\/ca\/wp-json\/wp\/v2\/product_cat?post=73500"},{"taxonomy":"product_tag","embeddable":true,"href":"https:\/\/www.laperlavalles.cat\/ca\/wp-json\/wp\/v2\/product_tag?post=73500"}],"curies":[{"name":"wp","href":"https:\/\/api.w.org\/{rel}","templated":true}]}}