{"id":73700,"date":"2021-07-12T23:02:32","date_gmt":"2021-07-12T21:02:36","guid":{"rendered":"https:\/\/www.laperlavalles2.bcntic.com\/product\/yerba-mate-canarias-2\/"},"modified":"2023-06-26T15:00:56","modified_gmt":"2023-06-26T13:00:56","slug":"yerba-mate-canarias-2","status":"publish","type":"product","link":"https:\/\/www.laperlavalles.cat\/ca\/producte\/yerba-mate-canarias-2\/","title":{"rendered":"YERBA MATE CANARIAS"},"content":{"rendered":"<p>La Yerba mate Can\u00e0ries, com tot mate uruguai\u00e0, \u00e9s un producte 100% natural sense agregats artificials de conservants ni altres productes qu\u00edmics.<\/p>\n","protected":false},"excerpt":{"rendered":"<p>La Yerba mate Can\u00e0ries, com tot mate uruguai\u00e0, \u00e9s un producte 100% natural sense agregats artificials de conservants ni altres productes qu\u00edmics.<\/p>\n","protected":false},"featured_media":131197,"comment_status":"open","ping_status":"closed","template":"","meta":[],"product_cat":[8406,8525],"product_tag":[],"_links":{"self":[{"href":"https:\/\/www.laperlavalles.cat\/ca\/wp-json\/wp\/v2\/product\/73700"}],"collection":[{"href":"https:\/\/www.laperlavalles.cat\/ca\/wp-json\/wp\/v2\/product"}],"about":[{"href":"https:\/\/www.laperlavalles.cat\/ca\/wp-json\/wp\/v2\/types\/product"}],"replies":[{"embeddable":true,"href":"https:\/\/www.laperlavalles.cat\/ca\/wp-json\/wp\/v2\/comments?post=73700"}],"wp:featuredmedia":[{"embeddable":true,"href":"https:\/\/www.laperlavalles.cat\/ca\/wp-json\/wp\/v2\/media\/131197"}],"wp:attachment":[{"href":"https:\/\/www.laperlavalles.cat\/ca\/wp-json\/wp\/v2\/media?parent=73700"}],"wp:term":[{"taxonomy":"product_cat","embeddable":true,"href":"https:\/\/www.laperlavalles.cat\/ca\/wp-json\/wp\/v2\/product_cat?post=73700"},{"taxonomy":"product_tag","embeddable":true,"href":"https:\/\/www.laperlavalles.cat\/ca\/wp-json\/wp\/v2\/product_tag?post=73700"}],"curies":[{"name":"wp","href":"https:\/\/api.w.org\/{rel}","templated":true}]}}