{"id":75920,"date":"2021-07-12T23:41:06","date_gmt":"2021-07-12T21:41:10","guid":{"rendered":"https:\/\/www.laperlavalles2.bcntic.com\/product\/nectar-de-multifruites-mocitos-1l\/"},"modified":"2023-06-23T09:59:52","modified_gmt":"2023-06-23T07:59:52","slug":"nectar-de-multifruites-mocitos-1l","status":"publish","type":"product","link":"https:\/\/www.laperlavalles.cat\/ca\/producte\/nectar-de-multifruites-mocitos-1l\/","title":{"rendered":"N\u00c8CTAR DE MULTIFRUITES MOCITOS 1L"},"content":{"rendered":"<p>N\u00e8ctar Mocitos. N\u00e8ctar de multifruites sense sucres afegits.<\/p>\n","protected":false},"excerpt":{"rendered":"<p>N\u00e8ctar Mocitos. N\u00e8ctar de multifruites sense sucres afegits.<\/p>\n","protected":false},"featured_media":162417,"comment_status":"open","ping_status":"closed","template":"","meta":[],"product_cat":[8405,8528],"product_tag":[],"_links":{"self":[{"href":"https:\/\/www.laperlavalles.cat\/ca\/wp-json\/wp\/v2\/product\/75920"}],"collection":[{"href":"https:\/\/www.laperlavalles.cat\/ca\/wp-json\/wp\/v2\/product"}],"about":[{"href":"https:\/\/www.laperlavalles.cat\/ca\/wp-json\/wp\/v2\/types\/product"}],"replies":[{"embeddable":true,"href":"https:\/\/www.laperlavalles.cat\/ca\/wp-json\/wp\/v2\/comments?post=75920"}],"wp:featuredmedia":[{"embeddable":true,"href":"https:\/\/www.laperlavalles.cat\/ca\/wp-json\/wp\/v2\/media\/162417"}],"wp:attachment":[{"href":"https:\/\/www.laperlavalles.cat\/ca\/wp-json\/wp\/v2\/media?parent=75920"}],"wp:term":[{"taxonomy":"product_cat","embeddable":true,"href":"https:\/\/www.laperlavalles.cat\/ca\/wp-json\/wp\/v2\/product_cat?post=75920"},{"taxonomy":"product_tag","embeddable":true,"href":"https:\/\/www.laperlavalles.cat\/ca\/wp-json\/wp\/v2\/product_tag?post=75920"}],"curies":[{"name":"wp","href":"https:\/\/api.w.org\/{rel}","templated":true}]}}