{"id":75960,"date":"2021-07-12T23:41:45","date_gmt":"2021-07-12T21:41:49","guid":{"rendered":"https:\/\/www.laperlavalles2.bcntic.com\/product\/llet-de-coco-the-elements-33cl\/"},"modified":"2025-03-11T17:42:03","modified_gmt":"2025-03-11T16:42:03","slug":"llet-de-coco-the-elements-33cl","status":"publish","type":"product","link":"https:\/\/www.laperlavalles.cat\/ca\/producte\/llet-de-coco-the-elements-33cl\/","title":{"rendered":"LLET DE COCO THE ELEMENTS 33CL"},"content":{"rendered":"<p>La beguda de Coco The Elements \u00e9s una llet vegetal. La beguda de coco The Elements \u00e9s d&#8217;origen 100% vegetal, sense gluten, ni lactosa, ni prote\u00efnes de la llet. Un producte ideal per a botigues especialitzades, restaurants, supermercats o hipermercats.<\/p>\n","protected":false},"excerpt":{"rendered":"<p>La beguda de Coco The Elements \u00e9s una llet vegetal. La beguda de coco The Elements \u00e9s d&#8217;origen 100% vegetal, sense gluten, ni lactosa, ni prote\u00efnes<span class=\"excerpt-hellip\"> [\u2026]<\/span><\/p>\n","protected":false},"featured_media":163121,"comment_status":"open","ping_status":"closed","template":"","meta":[],"product_cat":[10617],"product_tag":[],"_links":{"self":[{"href":"https:\/\/www.laperlavalles.cat\/ca\/wp-json\/wp\/v2\/product\/75960"}],"collection":[{"href":"https:\/\/www.laperlavalles.cat\/ca\/wp-json\/wp\/v2\/product"}],"about":[{"href":"https:\/\/www.laperlavalles.cat\/ca\/wp-json\/wp\/v2\/types\/product"}],"replies":[{"embeddable":true,"href":"https:\/\/www.laperlavalles.cat\/ca\/wp-json\/wp\/v2\/comments?post=75960"}],"wp:featuredmedia":[{"embeddable":true,"href":"https:\/\/www.laperlavalles.cat\/ca\/wp-json\/wp\/v2\/media\/163121"}],"wp:attachment":[{"href":"https:\/\/www.laperlavalles.cat\/ca\/wp-json\/wp\/v2\/media?parent=75960"}],"wp:term":[{"taxonomy":"product_cat","embeddable":true,"href":"https:\/\/www.laperlavalles.cat\/ca\/wp-json\/wp\/v2\/product_cat?post=75960"},{"taxonomy":"product_tag","embeddable":true,"href":"https:\/\/www.laperlavalles.cat\/ca\/wp-json\/wp\/v2\/product_tag?post=75960"}],"curies":[{"name":"wp","href":"https:\/\/api.w.org\/{rel}","templated":true}]}}