{"id":76000,"date":"2021-07-12T23:42:23","date_gmt":"2021-07-12T21:42:27","guid":{"rendered":"https:\/\/www.laperlavalles2.bcntic.com\/product\/nectar-de-mango-mocitos-200ml\/"},"modified":"2023-06-23T09:55:45","modified_gmt":"2023-06-23T07:55:45","slug":"nectar-de-mango-mocitos-200ml","status":"publish","type":"product","link":"https:\/\/www.laperlavalles.cat\/ca\/producte\/nectar-de-mango-mocitos-200ml\/","title":{"rendered":"N\u00c8CTAR DE MANGO MOCITOS 200ML"},"content":{"rendered":"<p>N\u00e8ctar Mocitos. N\u00e8ctar de mango sense sucres afegits. <\/p>\n","protected":false},"excerpt":{"rendered":"<p>N\u00e8ctar Mocitos. N\u00e8ctar de mango sense sucres afegits.<\/p>\n","protected":false},"featured_media":162246,"comment_status":"open","ping_status":"closed","template":"","meta":[],"product_cat":[8405,8527],"product_tag":[],"_links":{"self":[{"href":"https:\/\/www.laperlavalles.cat\/ca\/wp-json\/wp\/v2\/product\/76000"}],"collection":[{"href":"https:\/\/www.laperlavalles.cat\/ca\/wp-json\/wp\/v2\/product"}],"about":[{"href":"https:\/\/www.laperlavalles.cat\/ca\/wp-json\/wp\/v2\/types\/product"}],"replies":[{"embeddable":true,"href":"https:\/\/www.laperlavalles.cat\/ca\/wp-json\/wp\/v2\/comments?post=76000"}],"wp:featuredmedia":[{"embeddable":true,"href":"https:\/\/www.laperlavalles.cat\/ca\/wp-json\/wp\/v2\/media\/162246"}],"wp:attachment":[{"href":"https:\/\/www.laperlavalles.cat\/ca\/wp-json\/wp\/v2\/media?parent=76000"}],"wp:term":[{"taxonomy":"product_cat","embeddable":true,"href":"https:\/\/www.laperlavalles.cat\/ca\/wp-json\/wp\/v2\/product_cat?post=76000"},{"taxonomy":"product_tag","embeddable":true,"href":"https:\/\/www.laperlavalles.cat\/ca\/wp-json\/wp\/v2\/product_tag?post=76000"}],"curies":[{"name":"wp","href":"https:\/\/api.w.org\/{rel}","templated":true}]}}