{"id":76280,"date":"2021-07-12T23:46:47","date_gmt":"2021-07-12T21:46:51","guid":{"rendered":"https:\/\/www.laperlavalles2.bcntic.com\/product\/nectar-de-guaiaba-mocitos-1l\/"},"modified":"2023-06-23T07:56:47","modified_gmt":"2023-06-23T05:56:47","slug":"nectar-de-guaiaba-mocitos-1l","status":"publish","type":"product","link":"https:\/\/www.laperlavalles.cat\/ca\/producte\/nectar-de-guaiaba-mocitos-1l\/","title":{"rendered":"N\u00c8CTAR DE GUAIABA MOCITOS 1L"},"content":{"rendered":"<p>N\u00e8ctar tropical Mocitos. N\u00e8ctar de guaiaba 100% sabor.<\/p>\n","protected":false},"excerpt":{"rendered":"<p>N\u00e8ctar tropical Mocitos. N\u00e8ctar de guaiaba 100% sabor.<\/p>\n","protected":false},"featured_media":156825,"comment_status":"open","ping_status":"closed","template":"","meta":[],"product_cat":[8405,8528],"product_tag":[],"_links":{"self":[{"href":"https:\/\/www.laperlavalles.cat\/ca\/wp-json\/wp\/v2\/product\/76280"}],"collection":[{"href":"https:\/\/www.laperlavalles.cat\/ca\/wp-json\/wp\/v2\/product"}],"about":[{"href":"https:\/\/www.laperlavalles.cat\/ca\/wp-json\/wp\/v2\/types\/product"}],"replies":[{"embeddable":true,"href":"https:\/\/www.laperlavalles.cat\/ca\/wp-json\/wp\/v2\/comments?post=76280"}],"wp:featuredmedia":[{"embeddable":true,"href":"https:\/\/www.laperlavalles.cat\/ca\/wp-json\/wp\/v2\/media\/156825"}],"wp:attachment":[{"href":"https:\/\/www.laperlavalles.cat\/ca\/wp-json\/wp\/v2\/media?parent=76280"}],"wp:term":[{"taxonomy":"product_cat","embeddable":true,"href":"https:\/\/www.laperlavalles.cat\/ca\/wp-json\/wp\/v2\/product_cat?post=76280"},{"taxonomy":"product_tag","embeddable":true,"href":"https:\/\/www.laperlavalles.cat\/ca\/wp-json\/wp\/v2\/product_tag?post=76280"}],"curies":[{"name":"wp","href":"https:\/\/api.w.org\/{rel}","templated":true}]}}