{"id":76340,"date":"2021-07-12T23:47:45","date_gmt":"2021-07-12T21:47:49","guid":{"rendered":"https:\/\/www.laperlavalles2.bcntic.com\/product\/nectar-de-maracuia-mocitos-1l\/"},"modified":"2023-06-26T14:59:26","modified_gmt":"2023-06-26T12:59:26","slug":"nectar-de-maracuia-mocitos-1l","status":"publish","type":"product","link":"https:\/\/www.laperlavalles.cat\/ca\/producte\/nectar-de-maracuia-mocitos-1l\/","title":{"rendered":"N\u00c8CTAR DE MARACUI\u00c0 MOCITOS 1L"},"content":{"rendered":"<p>N\u00e8ctar tropical Mocitos. N\u00e8ctar de maracui\u00e0 100% sabor.<\/p>\n","protected":false},"excerpt":{"rendered":"<p>N\u00e8ctar tropical Mocitos. N\u00e8ctar de maracui\u00e0 100% sabor.<\/p>\n","protected":false},"featured_media":131912,"comment_status":"open","ping_status":"closed","template":"","meta":[],"product_cat":[8405,8528],"product_tag":[],"_links":{"self":[{"href":"https:\/\/www.laperlavalles.cat\/ca\/wp-json\/wp\/v2\/product\/76340"}],"collection":[{"href":"https:\/\/www.laperlavalles.cat\/ca\/wp-json\/wp\/v2\/product"}],"about":[{"href":"https:\/\/www.laperlavalles.cat\/ca\/wp-json\/wp\/v2\/types\/product"}],"replies":[{"embeddable":true,"href":"https:\/\/www.laperlavalles.cat\/ca\/wp-json\/wp\/v2\/comments?post=76340"}],"wp:featuredmedia":[{"embeddable":true,"href":"https:\/\/www.laperlavalles.cat\/ca\/wp-json\/wp\/v2\/media\/131912"}],"wp:attachment":[{"href":"https:\/\/www.laperlavalles.cat\/ca\/wp-json\/wp\/v2\/media?parent=76340"}],"wp:term":[{"taxonomy":"product_cat","embeddable":true,"href":"https:\/\/www.laperlavalles.cat\/ca\/wp-json\/wp\/v2\/product_cat?post=76340"},{"taxonomy":"product_tag","embeddable":true,"href":"https:\/\/www.laperlavalles.cat\/ca\/wp-json\/wp\/v2\/product_tag?post=76340"}],"curies":[{"name":"wp","href":"https:\/\/api.w.org\/{rel}","templated":true}]}}