{"id":80340,"date":"2021-07-13T01:04:50","date_gmt":"2021-07-12T23:04:54","guid":{"rendered":"https:\/\/www.laperlavalles2.bcntic.com\/product\/arros-basmatic-qilla-premium-5kg\/"},"modified":"2023-06-23T10:11:20","modified_gmt":"2023-06-23T08:11:20","slug":"arros-basmatic-qilla-premium-5kg","status":"publish","type":"product","link":"https:\/\/www.laperlavalles.cat\/ca\/producte\/arros-basmatic-qilla-premium-5kg\/","title":{"rendered":"ARR\u00d2S BASM\u00c0TIC QILLA PREMIUM 5KG"},"content":{"rendered":"<p>Arr\u00f2s Basmati Qilla Premium. <\/p>\n","protected":false},"excerpt":{"rendered":"<p>Arr\u00f2s Basmati Qilla Premium.<\/p>\n","protected":false},"featured_media":162918,"comment_status":"open","ping_status":"closed","template":"","meta":[],"product_cat":[8417,8532],"product_tag":[],"_links":{"self":[{"href":"https:\/\/www.laperlavalles.cat\/ca\/wp-json\/wp\/v2\/product\/80340"}],"collection":[{"href":"https:\/\/www.laperlavalles.cat\/ca\/wp-json\/wp\/v2\/product"}],"about":[{"href":"https:\/\/www.laperlavalles.cat\/ca\/wp-json\/wp\/v2\/types\/product"}],"replies":[{"embeddable":true,"href":"https:\/\/www.laperlavalles.cat\/ca\/wp-json\/wp\/v2\/comments?post=80340"}],"wp:featuredmedia":[{"embeddable":true,"href":"https:\/\/www.laperlavalles.cat\/ca\/wp-json\/wp\/v2\/media\/162918"}],"wp:attachment":[{"href":"https:\/\/www.laperlavalles.cat\/ca\/wp-json\/wp\/v2\/media?parent=80340"}],"wp:term":[{"taxonomy":"product_cat","embeddable":true,"href":"https:\/\/www.laperlavalles.cat\/ca\/wp-json\/wp\/v2\/product_cat?post=80340"},{"taxonomy":"product_tag","embeddable":true,"href":"https:\/\/www.laperlavalles.cat\/ca\/wp-json\/wp\/v2\/product_tag?post=80340"}],"curies":[{"name":"wp","href":"https:\/\/api.w.org\/{rel}","templated":true}]}}