{"id":80460,"date":"2021-07-13T01:06:57","date_gmt":"2021-07-12T23:07:02","guid":{"rendered":"https:\/\/www.laperlavalles2.bcntic.com\/product\/arros-glutinos-foco-20kg\/"},"modified":"2026-04-28T11:48:24","modified_gmt":"2026-04-28T09:48:24","slug":"arros-glutinos-foco-20kg","status":"publish","type":"product","link":"https:\/\/www.laperlavalles.cat\/ca\/producte\/arros-glutinos-foco-20kg\/","title":{"rendered":"ARR\u00d2S GLUTIN\u00d3S FOCO 20KG"},"content":{"rendered":"<p>Arr\u00f2s glutin\u00f3s Foco procedent de Tail\u00e0ndia. <\/p>\n","protected":false},"excerpt":{"rendered":"<p>Arr\u00f2s glutin\u00f3s Foco procedent de Tail\u00e0ndia.<\/p>\n","protected":false},"featured_media":165542,"comment_status":"open","ping_status":"closed","template":"","meta":[],"product_cat":[8417,8532],"product_tag":[],"_links":{"self":[{"href":"https:\/\/www.laperlavalles.cat\/ca\/wp-json\/wp\/v2\/product\/80460"}],"collection":[{"href":"https:\/\/www.laperlavalles.cat\/ca\/wp-json\/wp\/v2\/product"}],"about":[{"href":"https:\/\/www.laperlavalles.cat\/ca\/wp-json\/wp\/v2\/types\/product"}],"replies":[{"embeddable":true,"href":"https:\/\/www.laperlavalles.cat\/ca\/wp-json\/wp\/v2\/comments?post=80460"}],"wp:featuredmedia":[{"embeddable":true,"href":"https:\/\/www.laperlavalles.cat\/ca\/wp-json\/wp\/v2\/media\/165542"}],"wp:attachment":[{"href":"https:\/\/www.laperlavalles.cat\/ca\/wp-json\/wp\/v2\/media?parent=80460"}],"wp:term":[{"taxonomy":"product_cat","embeddable":true,"href":"https:\/\/www.laperlavalles.cat\/ca\/wp-json\/wp\/v2\/product_cat?post=80460"},{"taxonomy":"product_tag","embeddable":true,"href":"https:\/\/www.laperlavalles.cat\/ca\/wp-json\/wp\/v2\/product_tag?post=80460"}],"curies":[{"name":"wp","href":"https:\/\/api.w.org\/{rel}","templated":true}]}}