{"id":80620,"date":"2021-07-13T01:09:47","date_gmt":"2021-07-12T23:09:51","guid":{"rendered":"https:\/\/www.laperlavalles2.bcntic.com\/product\/farina-darros-lp-african-foods-5kg\/"},"modified":"2023-06-26T15:08:27","modified_gmt":"2023-06-26T13:08:27","slug":"farina-darros-lp-african-foods-5kg","status":"publish","type":"product","link":"https:\/\/www.laperlavalles.cat\/ca\/producte\/farina-darros-lp-african-foods-5kg\/","title":{"rendered":"FARINA D&#8217;ARR\u00d2S LP AFRICAN FOODS 5KG"},"content":{"rendered":"<p>Farina d&#8217;arr\u00f2s LP African Foods.<br \/>\nLa Perla \u00e9s prove\u00efdor de farina d&#8217;arr\u00f2s.<\/p>\n","protected":false},"excerpt":{"rendered":"<p>Farina d&#8217;arr\u00f2s LP African Foods. La Perla \u00e9s prove\u00efdor de farina d&#8217;arr\u00f2s.<\/p>\n","protected":false},"featured_media":145917,"comment_status":"open","ping_status":"closed","template":"","meta":[],"product_cat":[8417,8533],"product_tag":[],"_links":{"self":[{"href":"https:\/\/www.laperlavalles.cat\/ca\/wp-json\/wp\/v2\/product\/80620"}],"collection":[{"href":"https:\/\/www.laperlavalles.cat\/ca\/wp-json\/wp\/v2\/product"}],"about":[{"href":"https:\/\/www.laperlavalles.cat\/ca\/wp-json\/wp\/v2\/types\/product"}],"replies":[{"embeddable":true,"href":"https:\/\/www.laperlavalles.cat\/ca\/wp-json\/wp\/v2\/comments?post=80620"}],"wp:featuredmedia":[{"embeddable":true,"href":"https:\/\/www.laperlavalles.cat\/ca\/wp-json\/wp\/v2\/media\/145917"}],"wp:attachment":[{"href":"https:\/\/www.laperlavalles.cat\/ca\/wp-json\/wp\/v2\/media?parent=80620"}],"wp:term":[{"taxonomy":"product_cat","embeddable":true,"href":"https:\/\/www.laperlavalles.cat\/ca\/wp-json\/wp\/v2\/product_cat?post=80620"},{"taxonomy":"product_tag","embeddable":true,"href":"https:\/\/www.laperlavalles.cat\/ca\/wp-json\/wp\/v2\/product_tag?post=80620"}],"curies":[{"name":"wp","href":"https:\/\/api.w.org\/{rel}","templated":true}]}}