{"id":81500,"date":"2021-07-13T01:25:59","date_gmt":"2021-07-12T23:26:04","guid":{"rendered":"https:\/\/www.laperlavalles2.bcntic.com\/product\/gingebre-fresc\/"},"modified":"2023-07-03T11:56:13","modified_gmt":"2023-07-03T09:56:13","slug":"gingebre-fresc","status":"publish","type":"product","link":"https:\/\/www.laperlavalles.cat\/ca\/producte\/gingebre-fresc\/","title":{"rendered":"GINGEBRE FRESC AFRIC\u00c0"},"content":{"rendered":"<p>Gingebre fresc. La Perla \u00e9s importador d&#8217;alimentaci\u00f3 i distribu\u00efdor d&#8217;alimentaci\u00f3 global. Tenim un ampli cat\u00e0leg de fruita i verdura fresca llatina i fruita i verdura fresca africana.<\/p>\n","protected":false},"excerpt":{"rendered":"<p>Gingebre fresc. La Perla \u00e9s importador d&#8217;alimentaci\u00f3 i distribu\u00efdor d&#8217;alimentaci\u00f3 global. Tenim un ampli cat\u00e0leg de fruita i verdura fresca llatina i fruita i verdura fresca<span class=\"excerpt-hellip\"> [\u2026]<\/span><\/p>\n","protected":false},"featured_media":177366,"comment_status":"open","ping_status":"closed","template":"","meta":[],"product_cat":[8422,8537],"product_tag":[],"_links":{"self":[{"href":"https:\/\/www.laperlavalles.cat\/ca\/wp-json\/wp\/v2\/product\/81500"}],"collection":[{"href":"https:\/\/www.laperlavalles.cat\/ca\/wp-json\/wp\/v2\/product"}],"about":[{"href":"https:\/\/www.laperlavalles.cat\/ca\/wp-json\/wp\/v2\/types\/product"}],"replies":[{"embeddable":true,"href":"https:\/\/www.laperlavalles.cat\/ca\/wp-json\/wp\/v2\/comments?post=81500"}],"wp:featuredmedia":[{"embeddable":true,"href":"https:\/\/www.laperlavalles.cat\/ca\/wp-json\/wp\/v2\/media\/177366"}],"wp:attachment":[{"href":"https:\/\/www.laperlavalles.cat\/ca\/wp-json\/wp\/v2\/media?parent=81500"}],"wp:term":[{"taxonomy":"product_cat","embeddable":true,"href":"https:\/\/www.laperlavalles.cat\/ca\/wp-json\/wp\/v2\/product_cat?post=81500"},{"taxonomy":"product_tag","embeddable":true,"href":"https:\/\/www.laperlavalles.cat\/ca\/wp-json\/wp\/v2\/product_tag?post=81500"}],"curies":[{"name":"wp","href":"https:\/\/api.w.org\/{rel}","templated":true}]}}