{"id":81640,"date":"2021-07-13T01:28:12","date_gmt":"2021-07-12T23:28:16","guid":{"rendered":"https:\/\/www.laperlavalles2.bcntic.com\/product\/iuca\/"},"modified":"2024-01-02T12:57:57","modified_gmt":"2024-01-02T11:57:57","slug":"iuca","status":"publish","type":"product","link":"https:\/\/www.laperlavalles.cat\/ca\/producte\/iuca\/","title":{"rendered":"IUCA"},"content":{"rendered":"<p>Iuca fresca. La Perla \u00e9s importador d&#8217;alimentaci\u00f3 i distribu\u00efdor d&#8217;alimentaci\u00f3 global. Tenim un ampli cat\u00e0leg de fruita i verdura fresca llatina i fruita i verdura fresca africana.<\/p>\n","protected":false},"excerpt":{"rendered":"<p>Iuca fresca. La Perla \u00e9s importador d&#8217;alimentaci\u00f3 i distribu\u00efdor d&#8217;alimentaci\u00f3 global. Tenim un ampli cat\u00e0leg de fruita i verdura fresca llatina i fruita i verdura fresca<span class=\"excerpt-hellip\"> [\u2026]<\/span><\/p>\n","protected":false},"featured_media":160838,"comment_status":"open","ping_status":"closed","template":"","meta":[],"product_cat":[8422,8537],"product_tag":[],"_links":{"self":[{"href":"https:\/\/www.laperlavalles.cat\/ca\/wp-json\/wp\/v2\/product\/81640"}],"collection":[{"href":"https:\/\/www.laperlavalles.cat\/ca\/wp-json\/wp\/v2\/product"}],"about":[{"href":"https:\/\/www.laperlavalles.cat\/ca\/wp-json\/wp\/v2\/types\/product"}],"replies":[{"embeddable":true,"href":"https:\/\/www.laperlavalles.cat\/ca\/wp-json\/wp\/v2\/comments?post=81640"}],"wp:featuredmedia":[{"embeddable":true,"href":"https:\/\/www.laperlavalles.cat\/ca\/wp-json\/wp\/v2\/media\/160838"}],"wp:attachment":[{"href":"https:\/\/www.laperlavalles.cat\/ca\/wp-json\/wp\/v2\/media?parent=81640"}],"wp:term":[{"taxonomy":"product_cat","embeddable":true,"href":"https:\/\/www.laperlavalles.cat\/ca\/wp-json\/wp\/v2\/product_cat?post=81640"},{"taxonomy":"product_tag","embeddable":true,"href":"https:\/\/www.laperlavalles.cat\/ca\/wp-json\/wp\/v2\/product_tag?post=81640"}],"curies":[{"name":"wp","href":"https:\/\/api.w.org\/{rel}","templated":true}]}}