{"id":82180,"date":"2021-07-13T01:38:34","date_gmt":"2021-07-12T23:38:38","guid":{"rendered":"https:\/\/www.laperlavalles2.bcntic.com\/product\/fulles-de-platan-fumades-sandino\/"},"modified":"2023-10-23T09:46:34","modified_gmt":"2023-10-23T07:46:34","slug":"fulles-de-platan-fumades-sandino","status":"publish","type":"product","link":"https:\/\/www.laperlavalles.cat\/ca\/producte\/fulles-de-platan-fumades-sandino\/","title":{"rendered":"FULLES DE PL\u00c0TAN FUMADES SANDINO"},"content":{"rendered":"<p>Fulles de pl\u00e0tan fumades Sandino. Fulles de pl\u00e0tan fumades congelades. Verdura congelada llatinoamericana. <\/p>\n","protected":false},"excerpt":{"rendered":"<p>Fulles de pl\u00e0tan fumades Sandino. Fulles de pl\u00e0tan fumades congelades. Verdura congelada llatinoamericana.<\/p>\n","protected":false},"featured_media":170934,"comment_status":"open","ping_status":"closed","template":"","meta":[],"product_cat":[8422,8538],"product_tag":[],"_links":{"self":[{"href":"https:\/\/www.laperlavalles.cat\/ca\/wp-json\/wp\/v2\/product\/82180"}],"collection":[{"href":"https:\/\/www.laperlavalles.cat\/ca\/wp-json\/wp\/v2\/product"}],"about":[{"href":"https:\/\/www.laperlavalles.cat\/ca\/wp-json\/wp\/v2\/types\/product"}],"replies":[{"embeddable":true,"href":"https:\/\/www.laperlavalles.cat\/ca\/wp-json\/wp\/v2\/comments?post=82180"}],"wp:featuredmedia":[{"embeddable":true,"href":"https:\/\/www.laperlavalles.cat\/ca\/wp-json\/wp\/v2\/media\/170934"}],"wp:attachment":[{"href":"https:\/\/www.laperlavalles.cat\/ca\/wp-json\/wp\/v2\/media?parent=82180"}],"wp:term":[{"taxonomy":"product_cat","embeddable":true,"href":"https:\/\/www.laperlavalles.cat\/ca\/wp-json\/wp\/v2\/product_cat?post=82180"},{"taxonomy":"product_tag","embeddable":true,"href":"https:\/\/www.laperlavalles.cat\/ca\/wp-json\/wp\/v2\/product_tag?post=82180"}],"curies":[{"name":"wp","href":"https:\/\/api.w.org\/{rel}","templated":true}]}}