{"id":82620,"date":"2021-07-13T01:46:59","date_gmt":"2021-07-12T23:47:01","guid":{"rendered":"https:\/\/www.laperlavalles2.bcntic.com\/product\/plantain-fufu-golden-tropics-2\/"},"modified":"2022-06-24T13:39:33","modified_gmt":"2022-06-24T11:39:33","slug":"plantain-fufu-golden-tropics-2","status":"publish","type":"product","link":"https:\/\/www.laperlavalles.cat\/ca\/producte\/plantain-fufu-golden-tropics-2\/","title":{"rendered":"PLANTAIN FUFU GOLDEN TROPICS"},"content":{"rendered":"<p>La farina de pl\u00e0tan o plantain fufu \u00e9s una farina molt consumida pels africans. La Perla \u00e9s prove\u00efdor d&#8217;alimentaci\u00f3 africana.<\/p>\n","protected":false},"excerpt":{"rendered":"<p>La farina de pl\u00e0tan o plantain fufu \u00e9s una farina molt consumida pels africans. La Perla \u00e9s prove\u00efdor d&#8217;alimentaci\u00f3 africana.<\/p>\n","protected":false},"featured_media":120055,"comment_status":"open","ping_status":"closed","template":"","meta":[],"product_cat":[10617],"product_tag":[],"_links":{"self":[{"href":"https:\/\/www.laperlavalles.cat\/ca\/wp-json\/wp\/v2\/product\/82620"}],"collection":[{"href":"https:\/\/www.laperlavalles.cat\/ca\/wp-json\/wp\/v2\/product"}],"about":[{"href":"https:\/\/www.laperlavalles.cat\/ca\/wp-json\/wp\/v2\/types\/product"}],"replies":[{"embeddable":true,"href":"https:\/\/www.laperlavalles.cat\/ca\/wp-json\/wp\/v2\/comments?post=82620"}],"wp:featuredmedia":[{"embeddable":true,"href":"https:\/\/www.laperlavalles.cat\/ca\/wp-json\/wp\/v2\/media\/120055"}],"wp:attachment":[{"href":"https:\/\/www.laperlavalles.cat\/ca\/wp-json\/wp\/v2\/media?parent=82620"}],"wp:term":[{"taxonomy":"product_cat","embeddable":true,"href":"https:\/\/www.laperlavalles.cat\/ca\/wp-json\/wp\/v2\/product_cat?post=82620"},{"taxonomy":"product_tag","embeddable":true,"href":"https:\/\/www.laperlavalles.cat\/ca\/wp-json\/wp\/v2\/product_tag?post=82620"}],"curies":[{"name":"wp","href":"https:\/\/api.w.org\/{rel}","templated":true}]}}