{"id":82720,"date":"2021-07-13T01:47:59","date_gmt":"2021-07-12T23:48:01","guid":{"rendered":"https:\/\/www.laperlavalles2.bcntic.com\/product\/cocoyam-fufu-flour-golden-tropics-2\/"},"modified":"2022-06-24T13:38:58","modified_gmt":"2022-06-24T11:38:58","slug":"cocoyam-fufu-flour-golden-tropics-2","status":"publish","type":"product","link":"https:\/\/www.laperlavalles.cat\/ca\/producte\/cocoyam-fufu-flour-golden-tropics-2\/","title":{"rendered":"COCOYAM FUFU FLOUR GOLDEN TROPICS"},"content":{"rendered":"<p>La farina de cocoyam \u00e9s una farina molt consumida per la comunitat africana. La Perla som especialistes en la distribuci\u00f3 d&#8217;alimentaci\u00f3 \u00e8tnica i alimentaci\u00f3 global.<\/p>\n","protected":false},"excerpt":{"rendered":"<p>La farina de cocoyam \u00e9s una farina molt consumida per la comunitat africana. La Perla som especialistes en la distribuci\u00f3 d&#8217;alimentaci\u00f3 \u00e8tnica i alimentaci\u00f3 global.<\/p>\n","protected":false},"featured_media":119527,"comment_status":"open","ping_status":"closed","template":"","meta":[],"product_cat":[10617],"product_tag":[],"_links":{"self":[{"href":"https:\/\/www.laperlavalles.cat\/ca\/wp-json\/wp\/v2\/product\/82720"}],"collection":[{"href":"https:\/\/www.laperlavalles.cat\/ca\/wp-json\/wp\/v2\/product"}],"about":[{"href":"https:\/\/www.laperlavalles.cat\/ca\/wp-json\/wp\/v2\/types\/product"}],"replies":[{"embeddable":true,"href":"https:\/\/www.laperlavalles.cat\/ca\/wp-json\/wp\/v2\/comments?post=82720"}],"wp:featuredmedia":[{"embeddable":true,"href":"https:\/\/www.laperlavalles.cat\/ca\/wp-json\/wp\/v2\/media\/119527"}],"wp:attachment":[{"href":"https:\/\/www.laperlavalles.cat\/ca\/wp-json\/wp\/v2\/media?parent=82720"}],"wp:term":[{"taxonomy":"product_cat","embeddable":true,"href":"https:\/\/www.laperlavalles.cat\/ca\/wp-json\/wp\/v2\/product_cat?post=82720"},{"taxonomy":"product_tag","embeddable":true,"href":"https:\/\/www.laperlavalles.cat\/ca\/wp-json\/wp\/v2\/product_tag?post=82720"}],"curies":[{"name":"wp","href":"https:\/\/api.w.org\/{rel}","templated":true}]}}