{"id":82783,"date":"2021-08-23T07:37:32","date_gmt":"2021-08-23T05:37:35","guid":{"rendered":"https:\/\/www.laperlavalles2.bcntic.com\/product\/gold-kili-honey-ginger-lemon-drink-10u-2\/"},"modified":"2023-07-03T11:54:49","modified_gmt":"2023-07-03T09:54:49","slug":"gold-kili-honey-ginger-lemon-drink-10u-2","status":"publish","type":"product","link":"https:\/\/www.laperlavalles.cat\/ca\/producte\/gold-kili-honey-ginger-lemon-drink-10u-2\/","title":{"rendered":"GOLD KILI HONEY, GINGER, LEMON DRINK 10U"},"content":{"rendered":"<p>Beguda instant\u00e0nia de mel, gingebre i llimona Gold Kili. La marca Gold Kili \u00e9s una marca de prestigi de begudes instant\u00e0nies de Singapur. <\/p>\n","protected":false},"excerpt":{"rendered":"<p>Beguda instant\u00e0nia de mel, gingebre i llimona Gold Kili. La marca Gold Kili \u00e9s una marca de prestigi de begudes instant\u00e0nies de Singapur.<\/p>\n","protected":false},"featured_media":177302,"comment_status":"open","ping_status":"closed","template":"","meta":[],"product_cat":[8406,8525],"product_tag":[],"_links":{"self":[{"href":"https:\/\/www.laperlavalles.cat\/ca\/wp-json\/wp\/v2\/product\/82783"}],"collection":[{"href":"https:\/\/www.laperlavalles.cat\/ca\/wp-json\/wp\/v2\/product"}],"about":[{"href":"https:\/\/www.laperlavalles.cat\/ca\/wp-json\/wp\/v2\/types\/product"}],"replies":[{"embeddable":true,"href":"https:\/\/www.laperlavalles.cat\/ca\/wp-json\/wp\/v2\/comments?post=82783"}],"wp:featuredmedia":[{"embeddable":true,"href":"https:\/\/www.laperlavalles.cat\/ca\/wp-json\/wp\/v2\/media\/177302"}],"wp:attachment":[{"href":"https:\/\/www.laperlavalles.cat\/ca\/wp-json\/wp\/v2\/media?parent=82783"}],"wp:term":[{"taxonomy":"product_cat","embeddable":true,"href":"https:\/\/www.laperlavalles.cat\/ca\/wp-json\/wp\/v2\/product_cat?post=82783"},{"taxonomy":"product_tag","embeddable":true,"href":"https:\/\/www.laperlavalles.cat\/ca\/wp-json\/wp\/v2\/product_tag?post=82783"}],"curies":[{"name":"wp","href":"https:\/\/api.w.org\/{rel}","templated":true}]}}