{"id":82823,"date":"2021-08-23T07:38:11","date_gmt":"2021-08-23T05:38:15","guid":{"rendered":"https:\/\/www.laperlavalles2.bcntic.com\/product\/gold-kili-honey-ginger-drink-10u-2\/"},"modified":"2023-07-03T11:55:30","modified_gmt":"2023-07-03T09:55:30","slug":"gold-kili-honey-ginger-drink-10u-2","status":"publish","type":"product","link":"https:\/\/www.laperlavalles.cat\/ca\/producte\/gold-kili-honey-ginger-drink-10u-2\/","title":{"rendered":"GOLD KILI HONEY, GINGER DRINK 10U"},"content":{"rendered":"<p>Beguda instant\u00e0nia de mel i gingebre Gold Kili.<br \/>\nLa Perla distribueix la marca de begudes instant\u00e0nies Gold Kili, de Singapur. Consulta el nostre cat\u00e0leg per veure l&#8217;assortit complet de productes i sabors de begudes instant\u00e0nies Gold kili.<\/p>\n","protected":false},"excerpt":{"rendered":"<p>Beguda instant\u00e0nia de mel i gingebre Gold Kili. La Perla distribueix la marca de begudes instant\u00e0nies Gold Kili, de Singapur. Consulta el nostre cat\u00e0leg per veure<span class=\"excerpt-hellip\"> [\u2026]<\/span><\/p>\n","protected":false},"featured_media":177334,"comment_status":"open","ping_status":"closed","template":"","meta":[],"product_cat":[8406,8525],"product_tag":[],"_links":{"self":[{"href":"https:\/\/www.laperlavalles.cat\/ca\/wp-json\/wp\/v2\/product\/82823"}],"collection":[{"href":"https:\/\/www.laperlavalles.cat\/ca\/wp-json\/wp\/v2\/product"}],"about":[{"href":"https:\/\/www.laperlavalles.cat\/ca\/wp-json\/wp\/v2\/types\/product"}],"replies":[{"embeddable":true,"href":"https:\/\/www.laperlavalles.cat\/ca\/wp-json\/wp\/v2\/comments?post=82823"}],"wp:featuredmedia":[{"embeddable":true,"href":"https:\/\/www.laperlavalles.cat\/ca\/wp-json\/wp\/v2\/media\/177334"}],"wp:attachment":[{"href":"https:\/\/www.laperlavalles.cat\/ca\/wp-json\/wp\/v2\/media?parent=82823"}],"wp:term":[{"taxonomy":"product_cat","embeddable":true,"href":"https:\/\/www.laperlavalles.cat\/ca\/wp-json\/wp\/v2\/product_cat?post=82823"},{"taxonomy":"product_tag","embeddable":true,"href":"https:\/\/www.laperlavalles.cat\/ca\/wp-json\/wp\/v2\/product_tag?post=82823"}],"curies":[{"name":"wp","href":"https:\/\/api.w.org\/{rel}","templated":true}]}}