{"id":82843,"date":"2021-08-23T07:38:31","date_gmt":"2021-08-23T05:38:35","guid":{"rendered":"https:\/\/www.laperlavalles2.bcntic.com\/product\/gold-kili-honey-ginger-drink-20u-2\/"},"modified":"2023-07-03T11:55:52","modified_gmt":"2023-07-03T09:55:52","slug":"gold-kili-honey-ginger-drink-20u-2","status":"publish","type":"product","link":"https:\/\/www.laperlavalles.cat\/ca\/producte\/gold-kili-honey-ginger-drink-20u-2\/","title":{"rendered":"GOLD KILI HONEY, GINGER DRINK 20U"},"content":{"rendered":"<p>Beguda instant\u00e0nia de mel i gingebre Gold Kili.<br \/>\nLa Perla distribueix la marca de begudes instant\u00e0nies Gold Kili, de Singapur. Consulta el nostre cat\u00e0leg per veure l&#8217;assortit complet de productes i sabors de begudes instant\u00e0nies Gold kili.<\/p>\n","protected":false},"excerpt":{"rendered":"<p>Beguda instant\u00e0nia de mel i gingebre Gold Kili. La Perla distribueix la marca de begudes instant\u00e0nies Gold Kili, de Singapur. Consulta el nostre cat\u00e0leg per veure<span class=\"excerpt-hellip\"> [\u2026]<\/span><\/p>\n","protected":false},"featured_media":177350,"comment_status":"open","ping_status":"closed","template":"","meta":[],"product_cat":[8406,8525],"product_tag":[],"_links":{"self":[{"href":"https:\/\/www.laperlavalles.cat\/ca\/wp-json\/wp\/v2\/product\/82843"}],"collection":[{"href":"https:\/\/www.laperlavalles.cat\/ca\/wp-json\/wp\/v2\/product"}],"about":[{"href":"https:\/\/www.laperlavalles.cat\/ca\/wp-json\/wp\/v2\/types\/product"}],"replies":[{"embeddable":true,"href":"https:\/\/www.laperlavalles.cat\/ca\/wp-json\/wp\/v2\/comments?post=82843"}],"wp:featuredmedia":[{"embeddable":true,"href":"https:\/\/www.laperlavalles.cat\/ca\/wp-json\/wp\/v2\/media\/177350"}],"wp:attachment":[{"href":"https:\/\/www.laperlavalles.cat\/ca\/wp-json\/wp\/v2\/media?parent=82843"}],"wp:term":[{"taxonomy":"product_cat","embeddable":true,"href":"https:\/\/www.laperlavalles.cat\/ca\/wp-json\/wp\/v2\/product_cat?post=82843"},{"taxonomy":"product_tag","embeddable":true,"href":"https:\/\/www.laperlavalles.cat\/ca\/wp-json\/wp\/v2\/product_tag?post=82843"}],"curies":[{"name":"wp","href":"https:\/\/api.w.org\/{rel}","templated":true}]}}