{"id":82863,"date":"2021-08-23T07:38:55","date_gmt":"2021-08-23T05:38:59","guid":{"rendered":"https:\/\/www.laperlavalles2.bcntic.com\/product\/gold-kili-brown-sugar-ginger-drink-10u-2\/"},"modified":"2024-06-10T16:41:35","modified_gmt":"2024-06-10T14:41:35","slug":"gold-kili-brown-sugar-ginger-drink-10u-2","status":"publish","type":"product","link":"https:\/\/www.laperlavalles.cat\/ca\/producte\/gold-kili-brown-sugar-ginger-drink-10u-2\/","title":{"rendered":"GOLD KILI BROWN SUGAR GINGER DRINK 10U"},"content":{"rendered":"<p>Beguda instant\u00e0nia de gingebre amb sucre mor\u00e8 Gold Kili.<br \/>\nLa Perla \u00e9s prove\u00efdor la marca Gold Kili de Singapur. Consulta el nostre cat\u00e0leg per veure l&#8217;assortit complet de productes i sabors de begudes instant\u00e0nies Gold kili.<\/p>\n","protected":false},"excerpt":{"rendered":"<p>Beguda instant\u00e0nia de gingebre amb sucre mor\u00e8 Gold Kili. La Perla \u00e9s prove\u00efdor la marca Gold Kili de Singapur. Consulta el nostre cat\u00e0leg per veure l&#8217;assortit<span class=\"excerpt-hellip\"> [\u2026]<\/span><\/p>\n","protected":false},"featured_media":172374,"comment_status":"open","ping_status":"closed","template":"","meta":[],"product_cat":[10617],"product_tag":[],"_links":{"self":[{"href":"https:\/\/www.laperlavalles.cat\/ca\/wp-json\/wp\/v2\/product\/82863"}],"collection":[{"href":"https:\/\/www.laperlavalles.cat\/ca\/wp-json\/wp\/v2\/product"}],"about":[{"href":"https:\/\/www.laperlavalles.cat\/ca\/wp-json\/wp\/v2\/types\/product"}],"replies":[{"embeddable":true,"href":"https:\/\/www.laperlavalles.cat\/ca\/wp-json\/wp\/v2\/comments?post=82863"}],"wp:featuredmedia":[{"embeddable":true,"href":"https:\/\/www.laperlavalles.cat\/ca\/wp-json\/wp\/v2\/media\/172374"}],"wp:attachment":[{"href":"https:\/\/www.laperlavalles.cat\/ca\/wp-json\/wp\/v2\/media?parent=82863"}],"wp:term":[{"taxonomy":"product_cat","embeddable":true,"href":"https:\/\/www.laperlavalles.cat\/ca\/wp-json\/wp\/v2\/product_cat?post=82863"},{"taxonomy":"product_tag","embeddable":true,"href":"https:\/\/www.laperlavalles.cat\/ca\/wp-json\/wp\/v2\/product_tag?post=82863"}],"curies":[{"name":"wp","href":"https:\/\/api.w.org\/{rel}","templated":true}]}}