{"id":83063,"date":"2021-08-23T07:42:20","date_gmt":"2021-08-23T05:42:23","guid":{"rendered":"https:\/\/www.laperlavalles2.bcntic.com\/product\/koh-kae-sriracha-green-peas-180gr-2\/"},"modified":"2024-06-10T16:19:41","modified_gmt":"2024-06-10T14:19:41","slug":"koh-kae-sriracha-green-peas-180gr-2","status":"publish","type":"product","link":"https:\/\/www.laperlavalles.cat\/ca\/producte\/koh-kae-sriracha-green-peas-180gr-2\/","title":{"rendered":"KOH-KAE SRIRACHA GREEN PEAS 180GR"},"content":{"rendered":"<p>Snack de p\u00e8sol recobert de salsa sriracha Koh-Kae. Els productes Koh-Kae s\u00f3n d&#8217;origen Tailand\u00e8s.<\/p>\n","protected":false},"excerpt":{"rendered":"<p>Snack de p\u00e8sol recobert de salsa sriracha Koh-Kae. Els productes Koh-Kae s\u00f3n d&#8217;origen Tailand\u00e8s.<\/p>\n","protected":false},"featured_media":172294,"comment_status":"open","ping_status":"closed","template":"","meta":[],"product_cat":[10617],"product_tag":[],"_links":{"self":[{"href":"https:\/\/www.laperlavalles.cat\/ca\/wp-json\/wp\/v2\/product\/83063"}],"collection":[{"href":"https:\/\/www.laperlavalles.cat\/ca\/wp-json\/wp\/v2\/product"}],"about":[{"href":"https:\/\/www.laperlavalles.cat\/ca\/wp-json\/wp\/v2\/types\/product"}],"replies":[{"embeddable":true,"href":"https:\/\/www.laperlavalles.cat\/ca\/wp-json\/wp\/v2\/comments?post=83063"}],"wp:featuredmedia":[{"embeddable":true,"href":"https:\/\/www.laperlavalles.cat\/ca\/wp-json\/wp\/v2\/media\/172294"}],"wp:attachment":[{"href":"https:\/\/www.laperlavalles.cat\/ca\/wp-json\/wp\/v2\/media?parent=83063"}],"wp:term":[{"taxonomy":"product_cat","embeddable":true,"href":"https:\/\/www.laperlavalles.cat\/ca\/wp-json\/wp\/v2\/product_cat?post=83063"},{"taxonomy":"product_tag","embeddable":true,"href":"https:\/\/www.laperlavalles.cat\/ca\/wp-json\/wp\/v2\/product_tag?post=83063"}],"curies":[{"name":"wp","href":"https:\/\/api.w.org\/{rel}","templated":true}]}}