{"id":83083,"date":"2021-08-23T07:42:39","date_gmt":"2021-08-23T05:42:42","guid":{"rendered":"https:\/\/www.laperlavalles2.bcntic.com\/product\/koh-kae-wasabi-green-peas-180gr-2\/"},"modified":"2023-06-23T13:39:47","modified_gmt":"2023-06-23T11:39:47","slug":"koh-kae-wasabi-green-peas-180gr-2","status":"publish","type":"product","link":"https:\/\/www.laperlavalles.cat\/ca\/producte\/koh-kae-wasabi-green-peas-180gr-2\/","title":{"rendered":"KOH-KAE WASABI GREEN PEAS 180GR"},"content":{"rendered":"<p>Snack de p\u00e8sol recobert de wasabi Koh-Kae. Els productes Koh-Kae s\u00f3n d&#8217;origen Tailand\u00e8s.<\/p>\n","protected":false},"excerpt":{"rendered":"<p>Snack de p\u00e8sol recobert de wasabi Koh-Kae. Els productes Koh-Kae s\u00f3n d&#8217;origen Tailand\u00e8s.<\/p>\n","protected":false},"featured_media":172310,"comment_status":"open","ping_status":"closed","template":"","meta":[],"product_cat":[8416,8407,8512],"product_tag":[],"_links":{"self":[{"href":"https:\/\/www.laperlavalles.cat\/ca\/wp-json\/wp\/v2\/product\/83083"}],"collection":[{"href":"https:\/\/www.laperlavalles.cat\/ca\/wp-json\/wp\/v2\/product"}],"about":[{"href":"https:\/\/www.laperlavalles.cat\/ca\/wp-json\/wp\/v2\/types\/product"}],"replies":[{"embeddable":true,"href":"https:\/\/www.laperlavalles.cat\/ca\/wp-json\/wp\/v2\/comments?post=83083"}],"wp:featuredmedia":[{"embeddable":true,"href":"https:\/\/www.laperlavalles.cat\/ca\/wp-json\/wp\/v2\/media\/172310"}],"wp:attachment":[{"href":"https:\/\/www.laperlavalles.cat\/ca\/wp-json\/wp\/v2\/media?parent=83083"}],"wp:term":[{"taxonomy":"product_cat","embeddable":true,"href":"https:\/\/www.laperlavalles.cat\/ca\/wp-json\/wp\/v2\/product_cat?post=83083"},{"taxonomy":"product_tag","embeddable":true,"href":"https:\/\/www.laperlavalles.cat\/ca\/wp-json\/wp\/v2\/product_tag?post=83083"}],"curies":[{"name":"wp","href":"https:\/\/api.w.org\/{rel}","templated":true}]}}