{"id":83143,"date":"2021-08-23T07:43:37","date_gmt":"2021-08-23T05:43:41","guid":{"rendered":"https:\/\/www.laperlavalles2.bcntic.com\/product\/koh-kae-coconut-cream-peanuts-110gr-2\/"},"modified":"2024-06-10T16:39:05","modified_gmt":"2024-06-10T14:39:05","slug":"koh-kae-coconut-cream-peanuts-110gr-2","status":"publish","type":"product","link":"https:\/\/www.laperlavalles.cat\/ca\/producte\/koh-kae-coconut-cream-peanuts-110gr-2\/","title":{"rendered":"KOH-KAE COCONUT CREAM PEANUTS 110GR"},"content":{"rendered":"<p>Snack de cacauets recoberts de gust de crema de coco Koh-Kae. Els productes Koh-Kae s\u00f3n d&#8217;origen Tailand\u00e8s. La Perla \u00e9s distribu\u00efdor oficial de la marca Koh-Kae.<\/p>\n","protected":false},"excerpt":{"rendered":"<p>Snack de cacauets recoberts de gust de crema de coco Koh-Kae. Els productes Koh-Kae s\u00f3n d&#8217;origen Tailand\u00e8s. La Perla \u00e9s distribu\u00efdor oficial de la marca Koh-Kae.<\/p>\n","protected":false},"featured_media":172358,"comment_status":"open","ping_status":"closed","template":"","meta":[],"product_cat":[10617],"product_tag":[],"_links":{"self":[{"href":"https:\/\/www.laperlavalles.cat\/ca\/wp-json\/wp\/v2\/product\/83143"}],"collection":[{"href":"https:\/\/www.laperlavalles.cat\/ca\/wp-json\/wp\/v2\/product"}],"about":[{"href":"https:\/\/www.laperlavalles.cat\/ca\/wp-json\/wp\/v2\/types\/product"}],"replies":[{"embeddable":true,"href":"https:\/\/www.laperlavalles.cat\/ca\/wp-json\/wp\/v2\/comments?post=83143"}],"wp:featuredmedia":[{"embeddable":true,"href":"https:\/\/www.laperlavalles.cat\/ca\/wp-json\/wp\/v2\/media\/172358"}],"wp:attachment":[{"href":"https:\/\/www.laperlavalles.cat\/ca\/wp-json\/wp\/v2\/media?parent=83143"}],"wp:term":[{"taxonomy":"product_cat","embeddable":true,"href":"https:\/\/www.laperlavalles.cat\/ca\/wp-json\/wp\/v2\/product_cat?post=83143"},{"taxonomy":"product_tag","embeddable":true,"href":"https:\/\/www.laperlavalles.cat\/ca\/wp-json\/wp\/v2\/product_tag?post=83143"}],"curies":[{"name":"wp","href":"https:\/\/api.w.org\/{rel}","templated":true}]}}