{"id":83323,"date":"2021-08-23T07:46:37","date_gmt":"2021-08-23T05:46:40","guid":{"rendered":"https:\/\/www.laperlavalles2.bcntic.com\/product\/ic-hair-polisher-aloe-serum-2\/"},"modified":"2023-06-23T13:36:16","modified_gmt":"2023-06-23T11:36:16","slug":"ic-hair-polisher-aloe-serum-2","status":"publish","type":"product","link":"https:\/\/www.laperlavalles.cat\/ca\/producte\/ic-hair-polisher-aloe-serum-2\/","title":{"rendered":"IC HAIR POLISHER ALOE SERUM"},"content":{"rendered":"<p>IC Hair Polisher Daily Hair Treatment \u00e0loe vera \u00e9s un s\u00e8rum per donar brillantor enriquit amb \u00e0loe vera.<\/p>\n","protected":false},"excerpt":{"rendered":"<p>IC Hair Polisher Daily Hair Treatment \u00e0loe vera \u00e9s un s\u00e8rum per donar brillantor enriquit amb \u00e0loe vera.<\/p>\n","protected":false},"featured_media":172150,"comment_status":"open","ping_status":"closed","template":"","meta":[],"product_cat":[8423],"product_tag":[],"_links":{"self":[{"href":"https:\/\/www.laperlavalles.cat\/ca\/wp-json\/wp\/v2\/product\/83323"}],"collection":[{"href":"https:\/\/www.laperlavalles.cat\/ca\/wp-json\/wp\/v2\/product"}],"about":[{"href":"https:\/\/www.laperlavalles.cat\/ca\/wp-json\/wp\/v2\/types\/product"}],"replies":[{"embeddable":true,"href":"https:\/\/www.laperlavalles.cat\/ca\/wp-json\/wp\/v2\/comments?post=83323"}],"wp:featuredmedia":[{"embeddable":true,"href":"https:\/\/www.laperlavalles.cat\/ca\/wp-json\/wp\/v2\/media\/172150"}],"wp:attachment":[{"href":"https:\/\/www.laperlavalles.cat\/ca\/wp-json\/wp\/v2\/media?parent=83323"}],"wp:term":[{"taxonomy":"product_cat","embeddable":true,"href":"https:\/\/www.laperlavalles.cat\/ca\/wp-json\/wp\/v2\/product_cat?post=83323"},{"taxonomy":"product_tag","embeddable":true,"href":"https:\/\/www.laperlavalles.cat\/ca\/wp-json\/wp\/v2\/product_tag?post=83323"}],"curies":[{"name":"wp","href":"https:\/\/api.w.org\/{rel}","templated":true}]}}