{"id":83903,"date":"2021-08-23T07:56:16","date_gmt":"2021-08-23T05:56:20","guid":{"rendered":"https:\/\/www.laperlavalles2.bcntic.com\/product\/mama-africa-caro-light-whitening-serum-2\/"},"modified":"2024-07-25T16:00:49","modified_gmt":"2024-07-25T14:00:49","slug":"mama-africa-caro-light-whitening-serum-2","status":"publish","type":"product","link":"https:\/\/www.laperlavalles.cat\/ca\/producte\/mama-africa-caro-light-whitening-serum-2\/","title":{"rendered":"MA CARO LIGHT WHITENING SERUM"},"content":{"rendered":"<p>Mama Africa Caro Light Whitening Serum \u00e9s un s\u00e8rum amb acci\u00f3 aclarant gradual de les pigues i taques fosques de la pell. <\/p>\n","protected":false},"excerpt":{"rendered":"<p>Mama Africa Caro Light Whitening Serum \u00e9s un s\u00e8rum amb acci\u00f3 aclarant gradual de les pigues i taques fosques de la pell.<\/p>\n","protected":false},"featured_media":171894,"comment_status":"open","ping_status":"closed","template":"","meta":[],"product_cat":[10617],"product_tag":[],"_links":{"self":[{"href":"https:\/\/www.laperlavalles.cat\/ca\/wp-json\/wp\/v2\/product\/83903"}],"collection":[{"href":"https:\/\/www.laperlavalles.cat\/ca\/wp-json\/wp\/v2\/product"}],"about":[{"href":"https:\/\/www.laperlavalles.cat\/ca\/wp-json\/wp\/v2\/types\/product"}],"replies":[{"embeddable":true,"href":"https:\/\/www.laperlavalles.cat\/ca\/wp-json\/wp\/v2\/comments?post=83903"}],"wp:featuredmedia":[{"embeddable":true,"href":"https:\/\/www.laperlavalles.cat\/ca\/wp-json\/wp\/v2\/media\/171894"}],"wp:attachment":[{"href":"https:\/\/www.laperlavalles.cat\/ca\/wp-json\/wp\/v2\/media?parent=83903"}],"wp:term":[{"taxonomy":"product_cat","embeddable":true,"href":"https:\/\/www.laperlavalles.cat\/ca\/wp-json\/wp\/v2\/product_cat?post=83903"},{"taxonomy":"product_tag","embeddable":true,"href":"https:\/\/www.laperlavalles.cat\/ca\/wp-json\/wp\/v2\/product_tag?post=83903"}],"curies":[{"name":"wp","href":"https:\/\/api.w.org\/{rel}","templated":true}]}}