{"id":83943,"date":"2021-08-23T07:56:58","date_gmt":"2021-08-23T05:56:58","guid":{"rendered":"https:\/\/www.laperlavalles2.bcntic.com\/product\/mama-africa-caro-light-black-soap-2\/"},"modified":"2023-06-23T13:31:15","modified_gmt":"2023-06-23T11:31:15","slug":"mama-africa-caro-light-black-soap-2","status":"publish","type":"product","link":"https:\/\/www.laperlavalles.cat\/ca\/producte\/mama-africa-caro-light-black-soap-2\/","title":{"rendered":"MA CARO LIGHT BLACK SOAP"},"content":{"rendered":"<p>Mama Africa Caro Light Black Soap \u00e9s una pastilla de sab\u00f3 negre que aclareix i unifica el to de la pell al mateix temps que la unifica. La Perla \u00e9s distribu\u00efdor oficial de la marca de cosm\u00e8tics Mama Africa, cosm\u00e8tics especialitzats per a pell africana.<\/p>\n","protected":false},"excerpt":{"rendered":"<p>Mama Africa Caro Light Black Soap \u00e9s una pastilla de sab\u00f3 negre que aclareix i unifica el to de la pell al mateix temps que la<span class=\"excerpt-hellip\"> [\u2026]<\/span><\/p>\n","protected":false},"featured_media":171921,"comment_status":"open","ping_status":"closed","template":"","meta":[],"product_cat":[8423],"product_tag":[],"_links":{"self":[{"href":"https:\/\/www.laperlavalles.cat\/ca\/wp-json\/wp\/v2\/product\/83943"}],"collection":[{"href":"https:\/\/www.laperlavalles.cat\/ca\/wp-json\/wp\/v2\/product"}],"about":[{"href":"https:\/\/www.laperlavalles.cat\/ca\/wp-json\/wp\/v2\/types\/product"}],"replies":[{"embeddable":true,"href":"https:\/\/www.laperlavalles.cat\/ca\/wp-json\/wp\/v2\/comments?post=83943"}],"wp:featuredmedia":[{"embeddable":true,"href":"https:\/\/www.laperlavalles.cat\/ca\/wp-json\/wp\/v2\/media\/171921"}],"wp:attachment":[{"href":"https:\/\/www.laperlavalles.cat\/ca\/wp-json\/wp\/v2\/media?parent=83943"}],"wp:term":[{"taxonomy":"product_cat","embeddable":true,"href":"https:\/\/www.laperlavalles.cat\/ca\/wp-json\/wp\/v2\/product_cat?post=83943"},{"taxonomy":"product_tag","embeddable":true,"href":"https:\/\/www.laperlavalles.cat\/ca\/wp-json\/wp\/v2\/product_tag?post=83943"}],"curies":[{"name":"wp","href":"https:\/\/api.w.org\/{rel}","templated":true}]}}