{"id":84003,"date":"2021-08-23T07:57:55","date_gmt":"2021-08-23T05:57:58","guid":{"rendered":"https:\/\/www.laperlavalles2.bcntic.com\/product\/mama-africa-clairmen-lightening-lotion-for-men\/"},"modified":"2023-12-21T15:53:13","modified_gmt":"2023-12-21T14:53:13","slug":"mama-africa-clairmen-lightening-lotion-for-men","status":"publish","type":"product","link":"https:\/\/www.laperlavalles.cat\/ca\/producte\/mama-africa-clairmen-lightening-lotion-for-men\/","title":{"rendered":"MA CLAIRMEN LIGHTENING LOTION FOR MEN"},"content":{"rendered":"<p>Mama Africa Clairmen Lightening Lotion Program for Men \u00e9s una loci\u00f3 hidratant aclarant i unificadora del to de la pell per a home. La Perla \u00e9s prove\u00efdor de productes cosm\u00e8tics per homes Mama Africa. <\/p>\n","protected":false},"excerpt":{"rendered":"<p>Mama Africa Clairmen Lightening Lotion Program for Men \u00e9s una loci\u00f3 hidratant aclarant i unificadora del to de la pell per a home. La Perla \u00e9s<span class=\"excerpt-hellip\"> [\u2026]<\/span><\/p>\n","protected":false},"featured_media":171974,"comment_status":"open","ping_status":"closed","template":"","meta":[],"product_cat":[8423,8522],"product_tag":[],"_links":{"self":[{"href":"https:\/\/www.laperlavalles.cat\/ca\/wp-json\/wp\/v2\/product\/84003"}],"collection":[{"href":"https:\/\/www.laperlavalles.cat\/ca\/wp-json\/wp\/v2\/product"}],"about":[{"href":"https:\/\/www.laperlavalles.cat\/ca\/wp-json\/wp\/v2\/types\/product"}],"replies":[{"embeddable":true,"href":"https:\/\/www.laperlavalles.cat\/ca\/wp-json\/wp\/v2\/comments?post=84003"}],"wp:featuredmedia":[{"embeddable":true,"href":"https:\/\/www.laperlavalles.cat\/ca\/wp-json\/wp\/v2\/media\/171974"}],"wp:attachment":[{"href":"https:\/\/www.laperlavalles.cat\/ca\/wp-json\/wp\/v2\/media?parent=84003"}],"wp:term":[{"taxonomy":"product_cat","embeddable":true,"href":"https:\/\/www.laperlavalles.cat\/ca\/wp-json\/wp\/v2\/product_cat?post=84003"},{"taxonomy":"product_tag","embeddable":true,"href":"https:\/\/www.laperlavalles.cat\/ca\/wp-json\/wp\/v2\/product_tag?post=84003"}],"curies":[{"name":"wp","href":"https:\/\/api.w.org\/{rel}","templated":true}]}}