{"id":84023,"date":"2021-08-23T07:58:16","date_gmt":"2021-08-23T05:58:19","guid":{"rendered":"https:\/\/www.laperlavalles2.bcntic.com\/product\/mama-africa-clairmen-lightening-cream-for-men-2\/"},"modified":"2023-11-23T12:54:10","modified_gmt":"2023-11-23T11:54:10","slug":"mama-africa-clairmen-lightening-cream-for-men-2","status":"publish","type":"product","link":"https:\/\/www.laperlavalles.cat\/ca\/producte\/mama-africa-clairmen-lightening-cream-for-men-2\/","title":{"rendered":"MA CLAIRMEN LIGHTENING CREAM FOR MEN"},"content":{"rendered":"<p>Mama Africa Clairmen Lightening Cream Program for men \u00e9s una crema hidratant aclarant i unificadora del to de la pell per a home. La Perla \u00e9s distribu\u00efdor de productes cosm\u00e8tics africans per a home.<\/p>\n","protected":false},"excerpt":{"rendered":"<p>Mama Africa Clairmen Lightening Cream Program for men \u00e9s una crema hidratant aclarant i unificadora del to de la pell per a home. La Perla \u00e9s<span class=\"excerpt-hellip\"> [\u2026]<\/span><\/p>\n","protected":false},"featured_media":171990,"comment_status":"open","ping_status":"closed","template":"","meta":[],"product_cat":[8423,8522],"product_tag":[],"_links":{"self":[{"href":"https:\/\/www.laperlavalles.cat\/ca\/wp-json\/wp\/v2\/product\/84023"}],"collection":[{"href":"https:\/\/www.laperlavalles.cat\/ca\/wp-json\/wp\/v2\/product"}],"about":[{"href":"https:\/\/www.laperlavalles.cat\/ca\/wp-json\/wp\/v2\/types\/product"}],"replies":[{"embeddable":true,"href":"https:\/\/www.laperlavalles.cat\/ca\/wp-json\/wp\/v2\/comments?post=84023"}],"wp:featuredmedia":[{"embeddable":true,"href":"https:\/\/www.laperlavalles.cat\/ca\/wp-json\/wp\/v2\/media\/171990"}],"wp:attachment":[{"href":"https:\/\/www.laperlavalles.cat\/ca\/wp-json\/wp\/v2\/media?parent=84023"}],"wp:term":[{"taxonomy":"product_cat","embeddable":true,"href":"https:\/\/www.laperlavalles.cat\/ca\/wp-json\/wp\/v2\/product_cat?post=84023"},{"taxonomy":"product_tag","embeddable":true,"href":"https:\/\/www.laperlavalles.cat\/ca\/wp-json\/wp\/v2\/product_tag?post=84023"}],"curies":[{"name":"wp","href":"https:\/\/api.w.org\/{rel}","templated":true}]}}