{"id":84063,"date":"2021-08-23T07:58:55","date_gmt":"2021-08-23T05:58:58","guid":{"rendered":"https:\/\/www.laperlavalles2.bcntic.com\/product\/mama-africa-skin-light-nat-whitening-lotion-2\/"},"modified":"2025-02-24T10:43:16","modified_gmt":"2025-02-24T09:43:16","slug":"mama-africa-skin-light-nat-whitening-lotion-2","status":"publish","type":"product","link":"https:\/\/www.laperlavalles.cat\/ca\/producte\/mama-africa-skin-light-nat-whitening-lotion-2\/","title":{"rendered":"MA SKIN LIGHT NAT WHITENING LOTION"},"content":{"rendered":"<p>Mama Africa Skin Light Natural Whitening Lotion \u00e9s una loci\u00f3 hidratant aclarant i unificadora del to de la pell. La Perla \u00e9s prove\u00efdor de productes cosm\u00e8tics Mama Africa. <\/p>\n","protected":false},"excerpt":{"rendered":"<p>Mama Africa Skin Light Natural Whitening Lotion \u00e9s una loci\u00f3 hidratant aclarant i unificadora del to de la pell. La Perla \u00e9s prove\u00efdor de productes cosm\u00e8tics<span class=\"excerpt-hellip\"> [\u2026]<\/span><\/p>\n","protected":false},"featured_media":172022,"comment_status":"open","ping_status":"closed","template":"","meta":[],"product_cat":[10617],"product_tag":[],"_links":{"self":[{"href":"https:\/\/www.laperlavalles.cat\/ca\/wp-json\/wp\/v2\/product\/84063"}],"collection":[{"href":"https:\/\/www.laperlavalles.cat\/ca\/wp-json\/wp\/v2\/product"}],"about":[{"href":"https:\/\/www.laperlavalles.cat\/ca\/wp-json\/wp\/v2\/types\/product"}],"replies":[{"embeddable":true,"href":"https:\/\/www.laperlavalles.cat\/ca\/wp-json\/wp\/v2\/comments?post=84063"}],"wp:featuredmedia":[{"embeddable":true,"href":"https:\/\/www.laperlavalles.cat\/ca\/wp-json\/wp\/v2\/media\/172022"}],"wp:attachment":[{"href":"https:\/\/www.laperlavalles.cat\/ca\/wp-json\/wp\/v2\/media?parent=84063"}],"wp:term":[{"taxonomy":"product_cat","embeddable":true,"href":"https:\/\/www.laperlavalles.cat\/ca\/wp-json\/wp\/v2\/product_cat?post=84063"},{"taxonomy":"product_tag","embeddable":true,"href":"https:\/\/www.laperlavalles.cat\/ca\/wp-json\/wp\/v2\/product_tag?post=84063"}],"curies":[{"name":"wp","href":"https:\/\/api.w.org\/{rel}","templated":true}]}}