{"id":3971,"date":"2016-10-12T11:23:19","date_gmt":"2016-10-12T09:23:19","guid":{"rendered":"http:\/\/lalaperlavnau.bcntic.com\/contacto\/"},"modified":"2024-07-30T11:25:16","modified_gmt":"2024-07-30T09:25:16","slug":"contact","status":"publish","type":"page","link":"https:\/\/www.laperlavalles.cat\/en\/contact\/","title":{"rendered":"Contact"},"content":{"rendered":"<p>[vc_row css=&#8221;.vc_custom_1721227259709{padding-top: 60px !important;padding-bottom: 60px !important;}&#8221;][vc_column][vc_custom_heading text=&#8221;CONTACT&#8221; font_container=&#8221;tag:h1|font_size:65|text_align:center|color:%23a4343a|line_height:1.4em&#8221; google_fonts=&#8221;font_family:Roboto%20Slab%3A100%2C300%2Cregular%2C700|font_style:400%20regular%3A400%3Anormal&#8221;][\/vc_column][\/vc_row][vc_row css=&#8221;.vc_custom_1621899033979{padding-top: 60px !important;}&#8221;][vc_column][vc_gmaps link=&#8221;#E-8_JTNDaWZyYW1lJTIwc3JjJTNEJTIyaHR0cHMlM0ElMkYlMkZ3d3cuZ29vZ2xlLmNvbSUyRm1hcHMlMkZlbWJlZCUzRnBiJTNEJTIxMW0xOCUyMTFtMTIlMjExbTMlMjExZDEwMDMxLjQxNTI0MDU2OTI2NCUyMTJkMi4zMjE4OTMwNTMyMTk1Mzc0JTIxM2Q0MS42MjY0MDEzODU0NzYwNSUyMTJtMyUyMTFmMCUyMTJmMCUyMTNmMCUyMTNtMiUyMTFpMTAyNCUyMTJpNzY4JTIxNGYxMy4xJTIxM20zJTIxMW0yJTIxMXMweDEyYTRjODBjNTE1YTA0MDUlMjUzQTB4ZjcxYjI4ZTA3YTVkMmQ1MiUyMTJzUHJvZHVjdGVzJTI1MjBBbGltZW50YXJpcyUyNTIwTGElMjUyMFBlcmxhJTI1MjBTLkwuJTIxNWUwJTIxM20yJTIxMXNlcyUyMTJzZXMlMjE0djE1NzEzNzMxNTY4ODIlMjE1bTIlMjExc2VzJTIxMnNlcyUyMiUyMHdpZHRoJTNEJTIyMTAwJTI1JTIyJTIwaGVpZ2h0JTNEJTIyNDUwJTIyJTIwZnJhbWVib3JkZXIlM0QlMjIwJTIyJTIwc3R5bGUlM0QlMjJib3JkZXIlM0EwJTNCJTIyJTIwYWxsb3dmdWxsc2NyZWVuJTNEJTIyJTIyJTNFJTNDJTJGaWZyYW1lJTNF&#8221;][\/vc_column][\/vc_row][vc_row][vc_column][vc_row_inner][vc_column_inner][vc_custom_heading text=&#8221;Contact form&#8221; google_fonts=&#8221;font_family:PT%20Sans%3Aregular%2Citalic%2C700%2C700italic|font_style:400%20regular%3A400%3Anormal&#8221;][\/vc_column_inner][\/vc_row_inner][vc_row_inner][vc_column_inner width=&#8221;2\/3&#8243;]<div role=\"form\" class=\"wpcf7\" id=\"wpcf7-f33811-o1\" lang=\"en-US\" dir=\"ltr\">\n<div class=\"screen-reader-response\"><p role=\"status\" aria-live=\"polite\" aria-atomic=\"true\"><\/p> <ul><\/ul><\/div>\n<form action=\"\/en\/wp-json\/wp\/v2\/pages\/3971#wpcf7-f33811-o1\" method=\"post\" class=\"wpcf7-form init\" novalidate=\"novalidate\" data-status=\"init\">\n<div style=\"display: none;\">\n<input type=\"hidden\" name=\"_wpcf7\" value=\"33811\" \/>\n<input type=\"hidden\" name=\"_wpcf7_version\" value=\"5.6.4\" \/>\n<input type=\"hidden\" name=\"_wpcf7_locale\" value=\"en_US\" \/>\n<input type=\"hidden\" name=\"_wpcf7_unit_tag\" value=\"wpcf7-f33811-o1\" \/>\n<input type=\"hidden\" name=\"_wpcf7_container_post\" value=\"0\" \/>\n<input type=\"hidden\" name=\"_wpcf7_posted_data_hash\" value=\"\" \/>\n<input type=\"hidden\" name=\"_wpcf7_recaptcha_response\" value=\"\" \/>\n<\/div>\n<p>Contact person (required)<br \/>\n    <span class=\"wpcf7-form-control-wrap\" data-name=\"tu-nombre\"><input type=\"text\" name=\"tu-nombre\" value=\"\" size=\"40\" class=\"wpcf7-form-control wpcf7-text wpcf7-validates-as-required\" aria-required=\"true\" aria-invalid=\"false\" \/><\/span> <\/p>\n<p>Enterprise<br \/>\n    <span class=\"wpcf7-form-control-wrap\" data-name=\"tu-empresa\"><input type=\"text\" name=\"tu-empresa\" value=\"\" size=\"40\" class=\"wpcf7-form-control wpcf7-text\" aria-invalid=\"false\" \/><\/span> <\/p>\n<p>Adress<br\/><br \/>\n<span class=\"wpcf7-form-control-wrap\" data-name=\"tu-direccion\"><input type=\"text\" name=\"tu-direccion\" value=\"\" size=\"40\" class=\"wpcf7-form-control wpcf7-text\" aria-invalid=\"false\" \/><\/span><\/p>\n<p>Town (required)<br\/><br \/>\n<span class=\"wpcf7-form-control-wrap\" data-name=\"tu-poblacion\"><input type=\"text\" name=\"tu-poblacion\" value=\"\" size=\"40\" class=\"wpcf7-form-control wpcf7-text wpcf7-validates-as-required\" aria-required=\"true\" aria-invalid=\"false\" \/><\/span><\/p>\n<p>Country (required)<br><br \/>\n<span class=\"wpcf7-form-control-wrap\" data-name=\"tu-pais\"><input type=\"text\" name=\"tu-pais\" value=\"\" size=\"40\" class=\"wpcf7-form-control wpcf7-text wpcf7-validates-as-required\" aria-required=\"true\" aria-invalid=\"false\" \/><\/span><\/p>\n<p>Phone (required)<\/br><br \/>\n<span class=\"wpcf7-form-control-wrap\" data-name=\"telefono\"><input type=\"tel\" name=\"telefono\" value=\"\" size=\"40\" class=\"wpcf7-form-control wpcf7-text wpcf7-tel wpcf7-validates-as-required wpcf7-validates-as-tel\" aria-required=\"true\" aria-invalid=\"false\" \/><\/span><\/p>\n<p>E-mail (required)<br \/>\n    <span class=\"wpcf7-form-control-wrap\" data-name=\"your-email\"><input type=\"email\" name=\"your-email\" value=\"\" size=\"40\" class=\"wpcf7-form-control wpcf7-text wpcf7-email wpcf7-validates-as-required wpcf7-validates-as-email\" aria-required=\"true\" aria-invalid=\"false\" \/><\/span> <\/p>\n<p>Message (required)<br \/>\n    <span class=\"wpcf7-form-control-wrap\" data-name=\"your-message\"><textarea name=\"your-message\" cols=\"40\" rows=\"10\" class=\"wpcf7-form-control wpcf7-textarea wpcf7-validates-as-required\" aria-required=\"true\" aria-invalid=\"false\"><\/textarea><\/span> <\/p>\n<p><span class=\"wpcf7-form-control-wrap\" data-name=\"checkbox-420\"><span class=\"wpcf7-form-control wpcf7-checkbox\"><span class=\"wpcf7-list-item first last\"><input type=\"checkbox\" name=\"checkbox-420[]\" value=\"I agree to receive commercial information, including by email.\" \/><span class=\"wpcf7-list-item-label\">I agree to receive commercial information, including by email.<\/span><\/span><\/span><\/span><br \/>\n<span class=\"wpcf7-form-control-wrap\" data-name=\"accept-681\"><span class=\"wpcf7-form-control wpcf7-acceptance\"><span class=\"wpcf7-list-item\"><label><input type=\"checkbox\" name=\"accept-681\" value=\"1\" aria-invalid=\"false\" \/><span class=\"wpcf7-list-item-label\">I have read and accept the <a href=\"\/en\/privacy-policy\" target=\"_blank\"> Privacy Policy <\/a> (*)<\/span><\/label><\/span><\/span><\/span><\/p>\n<p> <strong> * All fields with * <u> asterisks <\/u> are required. <\/strong> <\/p>\n<p><input type=\"submit\" value=\"Send\" class=\"wpcf7-form-control has-spinner wpcf7-submit\" \/><\/p>\n<p style=\"display: none !important;\"><label>&#916;<textarea name=\"_wpcf7_ak_hp_textarea\" cols=\"45\" rows=\"8\" maxlength=\"100\"><\/textarea><\/label><input type=\"hidden\" id=\"ak_js_1\" name=\"_wpcf7_ak_js\" value=\"13\"\/><script>document.getElementById( \"ak_js_1\" ).setAttribute( \"value\", ( new Date() ).getTime() );<\/script><\/p><input type='hidden' class='wpcf7-pum' value='{\"closepopup\":false,\"closedelay\":0,\"openpopup\":false,\"openpopup_id\":0}' \/><div class=\"wpcf7-response-output\" aria-hidden=\"true\"><\/div><\/form><\/div>[vc_toggle title=&#8221;Legal advice&#8221; style=&#8221;simple&#8221;]<\/p>\n<h4>INFORMATION ON DATA PROTECTION BUY LA PERLA<\/h4>\n<p><strong> Purposes <\/strong>: We respond to your requests and send you commercial information about our products and services, including email. <strong> Legitimation <\/strong>: Consent of the interested party. <strong> Recipients <\/strong>: No data transfers are planned. <strong> Rights <\/strong>: You can withdraw your consent at any time, as well as access, rectify, delete your data and other rights at <a href=\"mailto:form@laperlavalles.cat\"> form@laperlavalles.cat <\/a>. <strong> Additional information <\/strong>: you can expand the information in the link <a href=\"https:\/\/www.laperlavalles.cat\/en\/legal-advice\/\" target=\"_blank\" rel=\"noopener\"> Legal advice <\/a>.<\/p>\n<div class=\"et_pb_row et_pb_row_3\">\n<div class=\"et_pb_column et_pb_column_4_4 et_pb_column_6 et_pb_css_mix_blend_mode_passthrough et-last-child\">\n<div class=\"et_pb_module et_pb_text et_pb_text_1 et_pb_bg_layout_light et_pb_text_align_left\">\n<div class=\"et_pb_text_inner\">\n<p>The communication sent will be incorporated into a file for which <strong>Productes Alimentaris La Perla SL<\/strong> is responsible. This communication will be used exclusively to process your data to meet your request, always in accordance with Regulation (EU) 2016\/679 (GDPR), Spanish Organic Law 15\/1999 (LOPD), and Spanish Royal Decree 1720\/2007 (on the development of the LOPD), on personal data protection. Your data will not be communicated (shared with) to third parties, except by legal obligation, and will be maintained as long as you do not request a cancellation.<br \/>\nAt any time you can exercise the right of access, rectification, portability and opposition, or if applicable, the limitation and\/or cancellation of the processing, providing it in writing, indicating your personal data to Marie Curie s\/n 08430, La Roca del Vall\u00e8s or via email to Info@laperlavalles.cat.<\/p>\n<\/div>\n<\/div>\n<\/div>\n<\/div>\n<p>[\/vc_toggle][\/vc_column_inner][vc_column_inner width=&#8221;1\/3&#8243;][vc_column_text]<a href=\"http:\/\/www.facebook.com\/laperlaethnicfoods\"><img class=\"alignnone size-full wp-image-256\" src=\"https:\/\/www.laperlavalles.cat\/wp-content\/uploads\/2019\/10\/facebook-logo.png\" alt=\"\" width=\"32\" height=\"32\" \/><\/a> \u00a0 <a href=\"http:\/\/www.linkedin.com\/company\/productes-alimentaris-la-perla-s-l-\"><img class=\"alignnone size-medium wp-image-257\" src=\"https:\/\/www.laperlavalles.cat\/wp-content\/uploads\/2019\/10\/linkedin.png\" alt=\"\" width=\"32\" height=\"32\" \/><\/a>[\/vc_column_text][vc_column_text]<\/p>\n<h3>More info<\/h3>\n<p><strong>Productes Alimentaris la Perla S.L.<\/strong><br \/>\n<strong>Adress :<\/strong> C\/ Marie Curie s\/n ( Pol. Ind. Can Jorn) 08430 La Roca del Vall\u00e8s (Barcelona)<br \/>\n<strong>T:<\/strong> 93.840.2004 \/ <strong>F<\/strong>: 93.846.33.46<br \/>\n<strong>Hours Monday to Thursday<\/strong><br \/>\nWarehouse: 8:00 a.m. &#8211; 3:00 p.m.<br \/>\nOffice: 8:00 a.m. &#8211; 6:00 p.m.<br \/>\n<strong>Friday<\/strong><br \/>\nWarehouse: 8:00 a.m. &#8211; 3:00 p.m.<br \/>\nOffice: 8:00 a.m. &#8211; 4:00 p.m.<br \/>\n<a href=\"mailto: form@laperlavalles.cat\"><strong>Email<\/strong><\/a><\/p>\n<p>[\/vc_column_text][\/vc_column_inner][\/vc_row_inner][\/vc_column][\/vc_row][vc_row][vc_column][vc_row_inner][vc_column_inner][vc_custom_heading text=&#8221;Our delegations&#8221; google_fonts=&#8221;font_family:PT%20Sans%3Aregular%2Citalic%2C700%2C700italic|font_style:400%20regular%3A400%3Anormal&#8221;][\/vc_column_inner][\/vc_row_inner][vc_row_inner][vc_column_inner width=&#8221;1\/2&#8243;][vc_custom_heading text=&#8221;BASQUE COUNTRY AND CANTABRIA&#8221; font_container=&#8221;tag:h5|text_align:center&#8221; google_fonts=&#8221;font_family:PT%20Sans%3Aregular%2Citalic%2C700%2C700italic|font_style:400%20regular%3A400%3Anormal&#8221;][vc_gmaps link=&#8221;#E-8_JTNDaWZyYW1lJTIwc3JjJTNEJTIyaHR0cHMlM0ElMkYlMkZ3d3cuZ29vZ2xlLmNvbSUyRm1hcHMlMkZlbWJlZCUzRnBiJTNEJTIxMW0xOCUyMTFtMTIlMjExbTMlMjExZDI5MDcuMjU4NTQ0MjQ5MTUzNiUyMTJkLTIuODkzNjU5Nzg0MDk2OTQ0JTIxM2Q0My4yMjUwMzg2NzkxMzg0NjQlMjEybTMlMjExZjAlMjEyZjAlMjEzZjAlMjEzbTIlMjExaTEwMjQlMjEyaTc2OCUyMTRmMTMuMSUyMTNtMyUyMTFtMiUyMTFzMHhkNGU0ZTg1ZjM2OTkxYjElMjUzQTB4MTVmZWI2YTM3MjFiZDRhNyUyMTJzTGElMjUyME1vcmVuYSUyNTIwUHJvZHVjdG9zJTI1MjBkZSUyNTIwYWxpbWVudGFjaSUyNUMzJTI1QjNuJTI1MjBTLkwuJTIxNWUwJTIxM20yJTIxMXNlcyUyMTJzZXMlMjE0djE1NzIyODAxODA5NzclMjE1bTIlMjExc2VzJTIxMnNlcyUyMiUyMHdpZHRoJTNEJTIyNjAwJTIyJTIwaGVpZ2h0JTNEJTIyNDUwJTIyJTIwZnJhbWVib3JkZXIlM0QlMjIwJTIyJTIwc3R5bGUlM0QlMjJib3JkZXIlM0EwJTNCJTIyJTIwYWxsb3dmdWxsc2NyZWVuJTNEJTIyJTIyJTNFJTNDJTJGaWZyYW1lJTNF&#8221;][vc_column_text]<\/p>\n<div class=\"field field-name-field-text-body field-type-text-long field-label-hidden\">\n<div class=\"field-items\">\n<div class=\"field-item even\" style=\"text-align: center;\"><strong>La Morena Productos de Alimentaci\u00f3n S.L.<\/strong><\/div>\n<div class=\"field-item even\" style=\"text-align: center;\">Pol. Ind. Arteagoiti &#8211; 7 48970 Basauri (Vizcaya) Espa\u00f1a<\/div>\n<div class=\"field-item even\" style=\"text-align: center;\">Tel. 94.401.00.11 \/ Fax 94.401.00.12<\/div>\n<div class=\"field-item even\" style=\"text-align: center;\"><a href=\"mailto:arno@alimentsnaturals.com\">palamorena@palamorena.com<\/a><\/div>\n<\/div>\n<\/div>\n<p>[\/vc_column_text][\/vc_column_inner][vc_column_inner width=&#8221;1\/2&#8243;][vc_custom_heading text=&#8221;ALMERIA&#8221; font_container=&#8221;tag:h5|text_align:center&#8221; google_fonts=&#8221;font_family:PT%20Sans%3Aregular%2Citalic%2C700%2C700italic|font_style:400%20regular%3A400%3Anormal&#8221;][vc_gmaps link=&#8221;#E-8_JTNDaWZyYW1lJTIwc3JjJTNEJTIyaHR0cHMlM0ElMkYlMkZ3d3cuZ29vZ2xlLmNvbSUyRm1hcHMlMkZlbWJlZCUzRnBiJTNEJTIxMW0xOCUyMTFtMTIlMjExbTMlMjExZDMxOTYuMzgzMDU2NDcwMDk5MyUyMTJkLTIuNjIzNjkwMTg0MjUwNDA1JTIxM2QzNi43NjEzNzcwNzk5NTY1MiUyMTJtMyUyMTFmMCUyMTJmMCUyMTNmMCUyMTNtMiUyMTFpMTAyNCUyMTJpNzY4JTIxNGYxMy4xJTIxM20zJTIxMW0yJTIxMXMweGQ3MDZmZmNmZmI5YjI3MyUyNTNBMHhkN2UwNTBjMDU4MzRhMjRkJTIxMnNDYW1pbm8lMjUyMERlcCUyNUMzJTI1QjNzaXRvcyUyNTJDJTI1MjAzMyUyNTJDJTI1MjAwNDc0MCUyNTIwUm9xdWV0YXMlMjUyMGRlJTI1MjBNYXIlMjUyQyUyNTIwQWxtZXIlMjVDMyUyNUFEYSUyMTVlMCUyMTNtMiUyMTFzZXMlMjEyc2VzJTIxNHYxNTcyMjgwNjg5Mzg1JTIxNW0yJTIxMXNlcyUyMTJzZXMlMjIlMjB3aWR0aCUzRCUyMjYwMCUyMiUyMGhlaWdodCUzRCUyMjQ1MCUyMiUyMGZyYW1lYm9yZGVyJTNEJTIyMCUyMiUyMHN0eWxlJTNEJTIyYm9yZGVyJTNBMCUzQiUyMiUyMGFsbG93ZnVsbHNjcmVlbiUzRCUyMiUyMiUzRSUzQyUyRmlmcmFtZSUzRQ==&#8221;][vc_column_text]<\/p>\n<div class=\"field field-name-field-text-body field-type-text-long field-label-hidden\">\n<div class=\"field-items\">\n<div class=\"field-item even\" style=\"text-align: center;\"><strong>Jose L\u00f3pez Fern\u00e1ndez<\/strong><\/div>\n<div class=\"field-item even\" style=\"text-align: center;\">Camino de los Depositos n\u00ba 33 04740 Roquetas de Mar-Almeria Espa\u00f1a<\/div>\n<div class=\"field-item even\" style=\"text-align: center;\">T.629054701 F.95.031.99.96<\/div>\n<div class=\"field-item even\" style=\"text-align: center;\"><a href=\"mailto:roylu49@msn.com\">roylu49@msn.com<\/a><\/div>\n<\/div>\n<\/div>\n<p>[\/vc_column_text][\/vc_column_inner][\/vc_row_inner][vc_row_inner][vc_column_inner width=&#8221;1\/2&#8243;][vc_custom_heading text=&#8221;MURCIA, CASTELLA LA MANCHA AND ALICANTE&#8221; font_container=&#8221;tag:h5|text_align:center&#8221; google_fonts=&#8221;font_family:PT%20Sans%3Aregular%2Citalic%2C700%2C700italic|font_style:400%20regular%3A400%3Anormal&#8221;][vc_gmaps link=&#8221;#E-8_JTNDaWZyYW1lJTIwc3JjJTNEJTIyaHR0cHMlM0ElMkYlMkZ3d3cuZ29vZ2xlLmNvbSUyRm1hcHMlMkZlbWJlZCUzRnBiJTNEJTIxMW0xOCUyMTFtMTIlMjExbTMlMjExZDMxNTIuNDIxMTA3MTQzMjQ3JTIxMmQtMS4wMTU2NTY1ODQyMjcwNTg4JTIxM2QzNy44MDM2MDQyNzk3NTQyNiUyMTJtMyUyMTFmMCUyMTJmMCUyMTNmMCUyMTNtMiUyMTFpMTAyNCUyMTJpNzY4JTIxNGYxMy4xJTIxM20zJTIxMW0yJTIxMXMweGQ2MzZlMjljZTdkYzNkNSUyNTNBMHgzNmE0MTFlNTQ4OGQ5YzI2JTIxMnNEaXN0cmlvY2VhbiUyNTIwUyUyNTIwTCUyMTVlMCUyMTNtMiUyMTFzZXMlMjEyc2VzJTIxNHYxNTcyMjgwMzkxMTgxJTIxNW0yJTIxMXNlcyUyMTJzZXMlMjIlMjB3aWR0aCUzRCUyMjYwMCUyMiUyMGhlaWdodCUzRCUyMjQ1MCUyMiUyMGZyYW1lYm9yZGVyJTNEJTIyMCUyMiUyMHN0eWxlJTNEJTIyYm9yZGVyJTNBMCUzQiUyMiUyMGFsbG93ZnVsbHNjcmVlbiUzRCUyMiUyMiUzRSUzQyUyRmlmcmFtZSUzRQ==&#8221;][vc_column_text]<\/p>\n<div class=\"field field-name-field-text-body field-type-text-long field-label-hidden\">\n<div class=\"field-items\">\n<div class=\"field-item even\" style=\"text-align: center;\"><strong>DISTRIOCEAN S.L.U.<\/strong><\/div>\n<div class=\"field-item even\" style=\"text-align: center;\">Calle Mensajeros de la Paz &#8211; 21 Pol. Ind. Rold\u00e1n 30709 Rold\u00e1n (Murcia) Espa\u00f1a<\/div>\n<div class=\"field-item even\" style=\"text-align: center;\">Tel. 96.858.97.28<\/div>\n<div class=\"field-item even\" style=\"text-align: center;\"><a href=\"mailto:distrioceanadm@gmail.com\">distrioceanadm@gmail.com<\/a><\/div>\n<\/div>\n<\/div>\n<p>[\/vc_column_text][\/vc_column_inner][vc_column_inner width=&#8221;1\/2&#8243;][vc_custom_heading text=&#8221;VALENCIA&#8221; font_container=&#8221;tag:h5|text_align:center&#8221; google_fonts=&#8221;font_family:PT%20Sans%3Aregular%2Citalic%2C700%2C700italic|font_style:400%20regular%3A400%3Anormal&#8221;][vc_gmaps link=&#8221;#E-8_JTNDaWZyYW1lJTIwc3JjJTNEJTIyaHR0cHMlM0ElMkYlMkZ3d3cuZ29vZ2xlLmNvbSUyRm1hcHMlMkZlbWJlZCUzRnBiJTNEJTIxMW0xOCUyMTFtMTIlMjExbTMlMjExZDMwODEuNDMyMDIxNzg3Nzg1JTIxMmQtMC40OTMxNzc0ODQzMzk2MzkxJTIxM2QzOS40MzY5NjYzNzk0OTExNCUyMTJtMyUyMTFmMCUyMTJmMCUyMTNmMCUyMTNtMiUyMTFpMTAyNCUyMTJpNzY4JTIxNGYxMy4xJTIxM20zJTIxMW0yJTIxMXMweGQ2MDUxMDZlZjkzNTNkZCUyNTNBMHhmMmNiOGU1MzllZjNlZjE1JTIxMnNDYWxsZSUyNTIwZWwlMjUyMFBlcmVsbCUyNUMzJTI1QjMlMjUyQyUyNTIwODYlMjUyQyUyNTIwNDY5MDAlMjUyMFRvcnJlbnQlMjUyQyUyNTIwVmFsZW5jaWElMjE1ZTAlMjEzbTIlMjExc2NhJTIxMnNlcyUyMTR2MTU5MTAyMDA0MTQ0MyUyMTVtMiUyMTFzY2ElMjEyc2VzJTIyJTIwd2lkdGglM0QlMjI2MDAlMjIlMjBoZWlnaHQlM0QlMjI0NTAlMjIlMjBmcmFtZWJvcmRlciUzRCUyMjAlMjIlMjBzdHlsZSUzRCUyMmJvcmRlciUzQTAlM0IlMjIlMjBhbGxvd2Z1bGxzY3JlZW4lM0QlMjIlMjIlMjBhcmlhLWhpZGRlbiUzRCUyMmZhbHNlJTIyJTIwdGFiaW5kZXglM0QlMjIwJTIyJTNFJTNDJTJGaWZyYW1lJTNF&#8221;][vc_column_text]<\/p>\n<div class=\"field field-name-field-text-body field-type-text-long field-label-hidden\">\n<div class=\"field-items\">\n<div class=\"field-item even\" style=\"text-align: center;\"><strong>LEGUMBRES ANDREU<\/strong><\/div>\n<div class=\"field-item even\" style=\"text-align: center;\">Calle El Perell\u00f3 86, Pol. Ind. Mas del Jutge 46900 Torrent (Valencia) Espa\u00f1a<\/div>\n<div class=\"field-item even\" style=\"text-align: center;\">Tel. 722.444.928<\/div>\n<div class=\"field-item even\" style=\"text-align: center;\"><a href=\"mailto:comercial@legumbresandreu.es\">comercial@legumbresandreu.es<\/a><\/div>\n<\/div>\n<\/div>\n<p>[\/vc_column_text][\/vc_column_inner][\/vc_row_inner][\/vc_column][\/vc_row]<\/p>\n","protected":false},"excerpt":{"rendered":"<p>[vc_row css=&#8221;.vc_custom_1721227259709{padding-top: 60px !important;padding-bottom: 60px !important;}&#8221;][vc_column][vc_custom_heading text=&#8221;CONTACT&#8221; font_container=&#8221;tag:h1|font_size:65|text_align:center|color:%23a4343a|line_height:1.4em&#8221; google_fonts=&#8221;font_family:Roboto%20Slab%3A100%2C300%2Cregular%2C700|font_style:400%20regular%3A400%3Anormal&#8221;][\/vc_column][\/vc_row][vc_row css=&#8221;.vc_custom_1621899033979{padding-top: 60px !important;}&#8221;][vc_column][vc_gmaps link=&#8221;#E-8_JTNDaWZyYW1lJTIwc3JjJTNEJTIyaHR0cHMlM0ElMkYlMkZ3d3cuZ29vZ2xlLmNvbSUyRm1hcHMlMkZlbWJlZCUzRnBiJTNEJTIxMW0xOCUyMTFtMTIlMjExbTMlMjExZDEwMDMxLjQxNTI0MDU2OTI2NCUyMTJkMi4zMjE4OTMwNTMyMTk1Mzc0JTIxM2Q0MS42MjY0MDEzODU0NzYwNSUyMTJtMyUyMTFmMCUyMTJmMCUyMTNmMCUyMTNtMiUyMTFpMTAyNCUyMTJpNzY4JTIxNGYxMy4xJTIxM20zJTIxMW0yJTIxMXMweDEyYTRjODBjNTE1YTA0MDUlMjUzQTB4ZjcxYjI4ZTA3YTVkMmQ1MiUyMTJzUHJvZHVjdGVzJTI1MjBBbGltZW50YXJpcyUyNTIwTGElMjUyMFBlcmxhJTI1MjBTLkwuJTIxNWUwJTIxM20yJTIxMXNlcyUyMTJzZXMlMjE0djE1NzEzNzMxNTY4ODIlMjE1bTIlMjExc2VzJTIxMnNlcyUyMiUyMHdpZHRoJTNEJTIyMTAwJTI1JTIyJTIwaGVpZ2h0JTNEJTIyNDUwJTIyJTIwZnJhbWVib3JkZXIlM0QlMjIwJTIyJTIwc3R5bGUlM0QlMjJib3JkZXIlM0EwJTNCJTIyJTIwYWxsb3dmdWxsc2NyZWVuJTNEJTIyJTIyJTNFJTNDJTJGaWZyYW1lJTNF&#8221;][\/vc_column][\/vc_row][vc_row][vc_column][vc_row_inner][vc_column_inner][vc_custom_heading text=&#8221;Contact form&#8221; google_fonts=&#8221;font_family:PT%20Sans%3Aregular%2Citalic%2C700%2C700italic|font_style:400%20regular%3A400%3Anormal&#8221;][\/vc_column_inner][\/vc_row_inner][vc_row_inner][vc_column_inner width=&#8221;2\/3&#8243;][vc_toggle title=&#8221;Legal advice&#8221; style=&#8221;simple&#8221;] INFORMATION ON DATA PROTECTION BUY LA<span class=\"excerpt-hellip\"> [\u2026]<\/span><\/p>\n","protected":false},"author":1,"featured_media":0,"parent":0,"menu_order":0,"comment_status":"closed","ping_status":"closed","template":"","meta":[],"_links":{"self":[{"href":"https:\/\/www.laperlavalles.cat\/en\/wp-json\/wp\/v2\/pages\/3971"}],"collection":[{"href":"https:\/\/www.laperlavalles.cat\/en\/wp-json\/wp\/v2\/pages"}],"about":[{"href":"https:\/\/www.laperlavalles.cat\/en\/wp-json\/wp\/v2\/types\/page"}],"author":[{"embeddable":true,"href":"https:\/\/www.laperlavalles.cat\/en\/wp-json\/wp\/v2\/users\/1"}],"replies":[{"embeddable":true,"href":"https:\/\/www.laperlavalles.cat\/en\/wp-json\/wp\/v2\/comments?post=3971"}],"version-history":[{"count":7,"href":"https:\/\/www.laperlavalles.cat\/en\/wp-json\/wp\/v2\/pages\/3971\/revisions"}],"predecessor-version":[{"id":179366,"href":"https:\/\/www.laperlavalles.cat\/en\/wp-json\/wp\/v2\/pages\/3971\/revisions\/179366"}],"wp:attachment":[{"href":"https:\/\/www.laperlavalles.cat\/en\/wp-json\/wp\/v2\/media?parent=3971"}],"curies":[{"name":"wp","href":"https:\/\/api.w.org\/{rel}","templated":true}]}}