{"id":123977,"date":"2022-06-30T15:00:43","date_gmt":"2022-06-30T13:00:43","guid":{"rendered":"https:\/\/www.laperlavalles.cat\/product\/nestle-cerelac-wheat-and-fruits-400gr\/"},"modified":"2024-07-01T16:19:17","modified_gmt":"2024-07-01T14:19:17","slug":"nestle-cerelac-wheat-and-fruits-400gr","status":"publish","type":"product","link":"https:\/\/www.laperlavalles.cat\/en\/product\/nestle-cerelac-wheat-and-fruits-400gr\/","title":{"rendered":"NESTL\u00c9 CERELAC WHEAT AND FRUITS 400GR"},"content":{"rendered":"<p>Nestl\u00e9 Cerelac Wheat &amp; Fruit Pieces are Nestl\u00e9\u2019s famous milk porridge. From 8 months.<\/p>\n","protected":false},"excerpt":{"rendered":"<p>Nestl\u00e9 Cerelac Wheat &amp; Fruit Pieces are Nestl\u00e9\u2019s famous milk porridge. From 8 months.<\/p>\n","protected":false},"featured_media":157085,"comment_status":"open","ping_status":"closed","template":"","meta":[],"product_cat":[36],"product_tag":[],"_links":{"self":[{"href":"https:\/\/www.laperlavalles.cat\/en\/wp-json\/wp\/v2\/product\/123977"}],"collection":[{"href":"https:\/\/www.laperlavalles.cat\/en\/wp-json\/wp\/v2\/product"}],"about":[{"href":"https:\/\/www.laperlavalles.cat\/en\/wp-json\/wp\/v2\/types\/product"}],"replies":[{"embeddable":true,"href":"https:\/\/www.laperlavalles.cat\/en\/wp-json\/wp\/v2\/comments?post=123977"}],"wp:featuredmedia":[{"embeddable":true,"href":"https:\/\/www.laperlavalles.cat\/en\/wp-json\/wp\/v2\/media\/157085"}],"wp:attachment":[{"href":"https:\/\/www.laperlavalles.cat\/en\/wp-json\/wp\/v2\/media?parent=123977"}],"wp:term":[{"taxonomy":"product_cat","embeddable":true,"href":"https:\/\/www.laperlavalles.cat\/en\/wp-json\/wp\/v2\/product_cat?post=123977"},{"taxonomy":"product_tag","embeddable":true,"href":"https:\/\/www.laperlavalles.cat\/en\/wp-json\/wp\/v2\/product_tag?post=123977"}],"curies":[{"name":"wp","href":"https:\/\/api.w.org\/{rel}","templated":true}]}}